{"id":12,"date":"2012-04-09T13:42:47","date_gmt":"2012-04-09T13:42:47","guid":{"rendered":"http:\/\/Server2003:8080\/Lisas_Welt\/Wordpress_01\/?page_id=12"},"modified":"2025-07-07T20:02:05","modified_gmt":"2025-07-07T20:02:05","slug":"speisekarte","status":"publish","type":"page","link":"https:\/\/lisas-welt.net\/?page_id=12","title":{"rendered":"Speisekarte"},"content":{"rendered":"\n<div data-wp-interactive=\"core\/file\" class=\"wp-block-file\"><object data-wp-bind--hidden=\"!state.hasPdfPreview\" hidden class=\"wp-block-file__embed\" data=\"https:\/\/lisas-welt.net\/wp-content\/uploads\/2025\/07\/Speisekarte_Lisas_Welt_-x-858534-26-_.pdf\" type=\"application\/pdf\" style=\"width:100%;height:600px\" aria-label=\"Einbettung von Speisekarte_Lisas_Welt_ x 858534-26 _.\"><\/object><a id=\"wp-block-file--media-a5ae922d-16fa-4d09-bd61-0c0eb6938e92\" href=\"https:\/\/lisas-welt.net\/wp-content\/uploads\/2025\/07\/Speisekarte_Lisas_Welt_-x-858534-26-_.pdf\">Speisekarte_Lisas_Welt_ x 858534-26 _<\/a><a href=\"https:\/\/lisas-welt.net\/wp-content\/uploads\/2025\/07\/Speisekarte_Lisas_Welt_-x-858534-26-_.pdf\" class=\"wp-block-file__button wp-element-button\" download aria-describedby=\"wp-block-file--media-a5ae922d-16fa-4d09-bd61-0c0eb6938e92\">Herunterladen<\/a><\/div>\n\n\n<p>Hier finden Sie unsere&nbsp; Speisekarte :<\/p>\n<p>Warme&nbsp; K\u00fcche&nbsp; &nbsp;von 17.00 &#8211; 20.30&nbsp; Uhr&nbsp;<\/p>\n<p>F\u00fcr&nbsp; Hausg\u00e4ste&nbsp; auch Montag &amp; Dienstag warme K\u00fcche nach Absprache m\u00f6glich.<\/p>\n\n\n<p><\/p>\n","protected":false},"excerpt":{"rendered":"<p>Hier finden Sie unsere&nbsp; Speisekarte : Warme&nbsp; K\u00fcche&nbsp; &nbsp;von 17.00 &#8211; 20.30&nbsp; Uhr&nbsp; F\u00fcr&nbsp; Hausg\u00e4ste&nbsp; auch Montag &amp; Dienstag warme K\u00fcche nach Absprache m\u00f6glich.<\/p>\n","protected":false},"author":1,"featured_media":0,"parent":28,"menu_order":0,"comment_status":"closed","ping_status":"closed","template":"","meta":{"ngg_post_thumbnail":0,"footnotes":""},"class_list":["post-12","page","type-page","status-publish","hentry"],"rttpg_featured_image_url":null,"rttpg_author":{"display_name":"uborger","author_link":"https:\/\/lisas-welt.net\/?author=1"},"rttpg_comment":0,"rttpg_category":null,"rttpg_excerpt":"Hier finden Sie unsere&nbsp; Speisekarte : Warme&nbsp; K\u00fcche&nbsp; &nbsp;von 17.00 &#8211; 20.30&nbsp; Uhr&nbsp; F\u00fcr&nbsp; Hausg\u00e4ste&nbsp; auch Montag &amp; Dienstag warme K\u00fcche nach Absprache m\u00f6glich.","_links":{"self":[{"href":"https:\/\/lisas-welt.net\/index.php?rest_route=\/wp\/v2\/pages\/12","targetHints":{"allow":["GET"]}}],"collection":[{"href":"https:\/\/lisas-welt.net\/index.php?rest_route=\/wp\/v2\/pages"}],"about":[{"href":"https:\/\/lisas-welt.net\/index.php?rest_route=\/wp\/v2\/types\/page"}],"author":[{"embeddable":true,"href":"https:\/\/lisas-welt.net\/index.php?rest_route=\/wp\/v2\/users\/1"}],"replies":[{"embeddable":true,"href":"https:\/\/lisas-welt.net\/index.php?rest_route=%2Fwp%2Fv2%2Fcomments&post=12"}],"version-history":[{"count":104,"href":"https:\/\/lisas-welt.net\/index.php?rest_route=\/wp\/v2\/pages\/12\/revisions"}],"predecessor-version":[{"id":2402,"href":"https:\/\/lisas-welt.net\/index.php?rest_route=\/wp\/v2\/pages\/12\/revisions\/2402"}],"up":[{"embeddable":true,"href":"https:\/\/lisas-welt.net\/index.php?rest_route=\/wp\/v2\/pages\/28"}],"wp:attachment":[{"href":"https:\/\/lisas-welt.net\/index.php?rest_route=%2Fwp%2Fv2%2Fmedia&parent=12"}],"curies":[{"name":"wp","href":"https:\/\/api.w.org\/{rel}","templated":true}]}}