{"id":16,"date":"2012-04-09T13:44:18","date_gmt":"2012-04-09T13:44:18","guid":{"rendered":"http:\/\/Server2003:8080\/Lisas_Welt\/Wordpress_01\/?page_id=16"},"modified":"2024-02-14T17:54:43","modified_gmt":"2024-02-14T17:54:43","slug":"partyservice","status":"publish","type":"page","link":"https:\/\/lisas-welt.net\/?page_id=16","title":{"rendered":"Partyservice"},"content":{"rendered":"<p>F\u00fcr Ihre Feiern und Veranstaltungen bieten wir einen&nbsp;Partyservice, der komplett nach Ihren W\u00fcnschen gestaltet wird.<\/p>\n<p>Ihre Anfragen und Bestellungen k\u00f6nnen Sie pers\u00f6nlich in der Gastst\u00e4tte, per Telefon , per E-Mail oder \u00fcber unser <a title=\"Anfrage\/Reservierung\" href=\"http:\/\/cms.lisas-welt.net\/?page_id=156\">Kontaktformular <\/a>an uns richten.<\/p>\n<p><a title=\"Kaltes Buffett\" href=\"\/wp-content\/uploads\/2012\/04\/Kaltes-Buffett.jpg\" rel=\"prettyPhoto-img\"><img loading=\"lazy\" decoding=\"async\" class=\"alignnone size-full wp-image-190\" title=\"Kaltes Buffett\" src=\"\/wp-content\/uploads\/2012\/04\/Kaltes-Buffett.jpg\" alt=\"\" width=\"242\" height=\"182\" srcset=\"https:\/\/lisas-welt.net\/wp-content\/uploads\/2012\/04\/Kaltes-Buffett.jpg 591w, https:\/\/lisas-welt.net\/wp-content\/uploads\/2012\/04\/Kaltes-Buffett-300x225.jpg 300w\" sizes=\"auto, (max-width: 242px) 100vw, 242px\" \/><\/a>&nbsp; <a href=\"\/wp-content\/uploads\/2012\/04\/Warmes-Buffett.jpg\"><img loading=\"lazy\" decoding=\"async\" class=\"alignnone size-full wp-image-191\" title=\"Warmes Buffett\" src=\"\/wp-content\/uploads\/2012\/04\/Warmes-Buffett.jpg\" alt=\"\" width=\"242\" height=\"182\" srcset=\"https:\/\/lisas-welt.net\/wp-content\/uploads\/2012\/04\/Warmes-Buffett.jpg 642w, https:\/\/lisas-welt.net\/wp-content\/uploads\/2012\/04\/Warmes-Buffett-300x225.jpg 300w\" sizes=\"auto, (max-width: 242px) 100vw, 242px\" \/><\/a><\/p>\n<p style=\"text-align: center;\"><strong><span style=\"text-decoration: underline;\">Hier einige Men\u00fc &#8211; Beispiele <\/span><\/strong><\/p>\n<p style=\"text-align: center;\"><strong>Alle Men\u00fcs sind ver\u00e4nderbar&nbsp;oder<br \/>\nbei uns im Haus als 5 &#8211; G\u00e4nge &#8211; Men\u00fc erh\u00e4ltlich <\/strong><\/p>\n<p style=\"text-align: center;\"><strong><span style=\"text-decoration: underline;\">Men\u00fc &nbsp;1<br \/>\n<\/span><\/strong><\/p>\n<p style=\"text-align: center;\">Schweineschnitzel&nbsp; mit einer hausgemachten So\u00dfe<br \/>\n(Champignon- oder&nbsp; Zigeunerso\u00dfe)<br \/>\noder&nbsp; mit Tomate&nbsp; &#8211; Mozzarella \u00fcberbacken<br \/>\nLisas \u2013 Kartoffeln<br \/>\nGemischter Salat<\/p>\n<p style=\"text-align: right;\">&nbsp;<\/p>\n<p style=\"text-align: center;\"><strong><span style=\"text-decoration: underline;\">Men\u00fc &nbsp;2<br \/>\n<\/span><\/strong><\/p>\n<p style=\"text-align: center;\">Schweinebraten &nbsp;oder&nbsp; Lammbraten<br \/>\nBratenso\u00dfe<br \/>\nLisas \u2013 Kartoffeln<br \/>\nGemischter Salat<\/p>\n<p style=\"text-align: right;\"><strong>&nbsp;<\/strong><\/p>\n<p style=\"text-align: center;\"><strong><span style=\"text-decoration: underline;\">Men\u00fc 3<\/span><\/strong><\/p>\n<p style=\"text-align: center;\">Schweinebraten<br \/>\nSchweineschnitzel<br \/>\nPutenbruststreifen<br \/>\nmit Paprikastreifen und frischen Champignons in Rahmso\u00dfe<br \/>\nNudeln, Gnocchi,<br \/>\nButterreis ,&nbsp; Pommes Frites<br \/>\nGemischter &nbsp;Salat , Kraut \u2013 und M\u00f6hrensalat ,<br \/>\nSahnedressing<\/p>\n<p style=\"text-align: right;\">&nbsp;<\/p>\n<p style=\"text-align: center;\"><strong><span style=\"text-decoration: underline;\">Men\u00fc 4&nbsp; <\/span><\/strong><\/p>\n<p style=\"text-align: center;\">Hausgemachte Suppe<br \/>\nRh\u00f6ner &nbsp;Krustenbraten<br \/>\nSchweineschnitzel&nbsp; Wiener Art<br \/>\nPutenbruststreifen<br \/>\nmit Paprikastreifen und frischen Champignons in Rahmso\u00dfe<br \/>\nGem\u00fcse :&nbsp;&nbsp; Brokkoli&nbsp; und Blumenkohl<br \/>\nLisas &#8211; Kartoffeln (Rosmarin \u2013 Kartoffeln)<br \/>\nPommes&nbsp; Frites ,&nbsp; Sp\u00e4tzle<\/p>\n<p style=\"text-align: right;\">&nbsp;<\/p>\n<p style=\"text-align: center;\"><strong><span style=\"text-decoration: underline;\">Men\u00fc 5<\/span><\/strong><\/p>\n<p style=\"text-align: center;\">Filets von der Rh\u00f6ner Bachforelle nach M\u00fcllerin Art<br \/>\nmit Sahnemeerrettich und zerlassener &nbsp;Butter<br \/>\nSchnitzel mit Tomate &#8211;&nbsp; Mozzarella \u00fcberbacken<br \/>\nSchweineschnitzel<br \/>\nLammbraten<br \/>\nPutengeschnetzeltes<br \/>\nSalzkartoffeln<br \/>\nLisas &#8211; Kartoffeln (Rosmarin \u2013 Kartoffeln)<br \/>\nSp\u00e4tzle, Pommes Frites<br \/>\nGem\u00fcse :&nbsp;&nbsp; Brokkoli&nbsp; und Blumenkohl<br \/>\nKrautsalat,&nbsp; Tomatensalat<br \/>\nDessert :&nbsp; Vanille \u2013 Eis&nbsp;&nbsp; mit hei\u00dfen Kirschen<\/p>\n<p style=\"text-align: right;\">&nbsp;<\/p>\n<p style=\"text-align: center;\">&nbsp;<\/p>\n<p>&nbsp;<\/p>\n","protected":false},"excerpt":{"rendered":"<p>F\u00fcr Ihre Feiern und Veranstaltungen bieten wir einen&nbsp;Partyservice, der komplett nach Ihren W\u00fcnschen gestaltet wird. Ihre Anfragen und Bestellungen k\u00f6nnen Sie pers\u00f6nlich in der Gastst\u00e4tte, per Telefon , per E-Mail oder \u00fcber unser Kontaktformular an uns richten. &nbsp; Hier einige Men\u00fc &#8211; Beispiele Alle Men\u00fcs sind ver\u00e4nderbar&nbsp;oder bei uns im Haus als 5 &#8211; G\u00e4nge [&hellip;]<\/p>\n","protected":false},"author":1,"featured_media":0,"parent":19,"menu_order":5,"comment_status":"closed","ping_status":"closed","template":"","meta":{"ngg_post_thumbnail":0,"footnotes":""},"class_list":["post-16","page","type-page","status-publish","hentry"],"rttpg_featured_image_url":null,"rttpg_author":{"display_name":"uborger","author_link":"https:\/\/lisas-welt.net\/?author=1"},"rttpg_comment":0,"rttpg_category":null,"rttpg_excerpt":"F\u00fcr Ihre Feiern und Veranstaltungen bieten wir einen&nbsp;Partyservice, der komplett nach Ihren W\u00fcnschen gestaltet wird. Ihre Anfragen und Bestellungen k\u00f6nnen Sie pers\u00f6nlich in der Gastst\u00e4tte, per Telefon , per E-Mail oder \u00fcber unser Kontaktformular an uns richten. &nbsp; Hier einige Men\u00fc &#8211; Beispiele Alle Men\u00fcs sind ver\u00e4nderbar&nbsp;oder bei uns im Haus als 5 &#8211; G\u00e4nge&hellip;","_links":{"self":[{"href":"https:\/\/lisas-welt.net\/index.php?rest_route=\/wp\/v2\/pages\/16","targetHints":{"allow":["GET"]}}],"collection":[{"href":"https:\/\/lisas-welt.net\/index.php?rest_route=\/wp\/v2\/pages"}],"about":[{"href":"https:\/\/lisas-welt.net\/index.php?rest_route=\/wp\/v2\/types\/page"}],"author":[{"embeddable":true,"href":"https:\/\/lisas-welt.net\/index.php?rest_route=\/wp\/v2\/users\/1"}],"replies":[{"embeddable":true,"href":"https:\/\/lisas-welt.net\/index.php?rest_route=%2Fwp%2Fv2%2Fcomments&post=16"}],"version-history":[{"count":19,"href":"https:\/\/lisas-welt.net\/index.php?rest_route=\/wp\/v2\/pages\/16\/revisions"}],"predecessor-version":[{"id":2016,"href":"https:\/\/lisas-welt.net\/index.php?rest_route=\/wp\/v2\/pages\/16\/revisions\/2016"}],"up":[{"embeddable":true,"href":"https:\/\/lisas-welt.net\/index.php?rest_route=\/wp\/v2\/pages\/19"}],"wp:attachment":[{"href":"https:\/\/lisas-welt.net\/index.php?rest_route=%2Fwp%2Fv2%2Fmedia&parent=16"}],"curies":[{"name":"wp","href":"https:\/\/api.w.org\/{rel}","templated":true}]}}