{"id":19,"date":"2012-04-09T13:51:20","date_gmt":"2012-04-09T13:51:20","guid":{"rendered":"http:\/\/Server2003:8080\/Lisas_Welt\/Wordpress_01\/?page_id=19"},"modified":"2024-02-14T13:04:42","modified_gmt":"2024-02-14T13:04:42","slug":"angebote","status":"publish","type":"page","link":"https:\/\/lisas-welt.net\/?page_id=19","title":{"rendered":"Angebote"},"content":{"rendered":"<h4>Was k\u00f6nnen Sie von uns erwarten ?<\/h4>\n<p>Gastfreundschaft, Service und eine famili\u00e4re Atmosph\u00e4re &#8211; das sind unsere Ma\u00dfst\u00e4be.<\/p>\n<p>Wir m\u00f6chten&nbsp;mit unseren Dienstleistungen und Angeboten Ihren Aufenthalt in der Rh\u00f6n so angenehm wie m\u00f6glich gestalten.<\/p>\n<p>Neben den hier aufgef\u00fchrten&nbsp;Standardleistungen sind auf Ihren Wunsch jederzeit auch individuelle Absprachen und Arrangements m\u00f6glich.<br \/>\nSprechen Sie uns einfach darauf an!<\/p>\n<h4>Wir bieten Ihnen st\u00e4ndig:<\/h4>\n<ul>\n<li>Balkantypische und deutsche K\u00fcche, immer frisch zubereitet<\/li>\n<li>Frische Rh\u00f6nforellen<\/li>\n<li>Lammspezialit\u00e4ten<\/li>\n<li>Veranstaltungen und Feiern in eigenem Saal f\u00fcr bis zu 100 G\u00e4ste<\/li>\n<li>Partyservice, auch au\u00dfer Haus<\/li>\n<li>Gem\u00fctliche G\u00e4stezimmer<\/li>\n<li>Reisegruppen und Busse sind jederzeit willkommen<\/li>\n<li>Parkpl\u00e4tze direkt am Haus<\/li>\n<li>Lisas Balkan &#8211; Kochschule<\/li>\n<\/ul>\n","protected":false},"excerpt":{"rendered":"<p>Was k\u00f6nnen Sie von uns erwarten ? Gastfreundschaft, Service und eine famili\u00e4re Atmosph\u00e4re &#8211; das sind unsere Ma\u00dfst\u00e4be. Wir m\u00f6chten&nbsp;mit unseren Dienstleistungen und Angeboten Ihren Aufenthalt in der Rh\u00f6n so angenehm wie m\u00f6glich gestalten. Neben den hier aufgef\u00fchrten&nbsp;Standardleistungen sind auf Ihren Wunsch jederzeit auch individuelle Absprachen und Arrangements m\u00f6glich. Sprechen Sie uns einfach darauf an! [&hellip;]<\/p>\n","protected":false},"author":1,"featured_media":0,"parent":0,"menu_order":5,"comment_status":"closed","ping_status":"open","template":"","meta":{"ngg_post_thumbnail":0,"footnotes":""},"class_list":["post-19","page","type-page","status-publish","hentry"],"rttpg_featured_image_url":null,"rttpg_author":{"display_name":"uborger","author_link":"https:\/\/lisas-welt.net\/?author=1"},"rttpg_comment":0,"rttpg_category":null,"rttpg_excerpt":"Was k\u00f6nnen Sie von uns erwarten ? Gastfreundschaft, Service und eine famili\u00e4re Atmosph\u00e4re &#8211; das sind unsere Ma\u00dfst\u00e4be. Wir m\u00f6chten&nbsp;mit unseren Dienstleistungen und Angeboten Ihren Aufenthalt in der Rh\u00f6n so angenehm wie m\u00f6glich gestalten. Neben den hier aufgef\u00fchrten&nbsp;Standardleistungen sind auf Ihren Wunsch jederzeit auch individuelle Absprachen und Arrangements m\u00f6glich. Sprechen Sie uns einfach darauf an!&hellip;","_links":{"self":[{"href":"https:\/\/lisas-welt.net\/index.php?rest_route=\/wp\/v2\/pages\/19","targetHints":{"allow":["GET"]}}],"collection":[{"href":"https:\/\/lisas-welt.net\/index.php?rest_route=\/wp\/v2\/pages"}],"about":[{"href":"https:\/\/lisas-welt.net\/index.php?rest_route=\/wp\/v2\/types\/page"}],"author":[{"embeddable":true,"href":"https:\/\/lisas-welt.net\/index.php?rest_route=\/wp\/v2\/users\/1"}],"replies":[{"embeddable":true,"href":"https:\/\/lisas-welt.net\/index.php?rest_route=%2Fwp%2Fv2%2Fcomments&post=19"}],"version-history":[{"count":8,"href":"https:\/\/lisas-welt.net\/index.php?rest_route=\/wp\/v2\/pages\/19\/revisions"}],"predecessor-version":[{"id":2004,"href":"https:\/\/lisas-welt.net\/index.php?rest_route=\/wp\/v2\/pages\/19\/revisions\/2004"}],"wp:attachment":[{"href":"https:\/\/lisas-welt.net\/index.php?rest_route=%2Fwp%2Fv2%2Fmedia&parent=19"}],"curies":[{"name":"wp","href":"https:\/\/api.w.org\/{rel}","templated":true}]}}