{"id":2,"date":"2012-04-09T13:39:03","date_gmt":"2012-04-09T13:39:03","guid":{"rendered":"http:\/\/cms.lisas-welt.net\/?page_id=2"},"modified":"2025-04-22T06:40:56","modified_gmt":"2025-04-22T06:40:56","slug":"sample-page","status":"publish","type":"page","link":"https:\/\/lisas-welt.net\/","title":{"rendered":"Willkommen"},"content":{"rendered":"        <div class=\"rttpg-block-postgrid rttpg-block-wrapper rttpg-block-0ec6a3 tpg-filter-type-dropdown meta-visibility-show section-title-style-style4 img_hover_animation_default title-default title_position_default title_hover_border_default meta_position_default tpg-is-author-icon-default author-image-visibility-icon tpg-category-position-default readmore-btn-default-style grid-hover-overlay-type-always grid-hover-overlay-height-default hover-overlay-height-default tpg-title-border-default filter-nex-prev-btn-visible tpg-cat-style1 slider-scroll-hide act-label-style-inline\">\n            <div class=\"rt-container-fluid rt-tpg-container tpg-el-main-wrapper tpg-gutenberg clearfix grid-layout1-main\"\n                 id=\"rt-tpg-container-1522208287\"\n                 data-layout=\"grid-layout1\"\n                 data-grid-style=\"tpg-full-height\" data-sc-id=\"elementor\"\n                 data-el-settings=''\n                 data-el-query=''\n                 data-el-path=''>\n\t\t\t\t                <div class='tpg-header-wrapper '>\n\t\t\t\t\t\n        <div class=\"tpg-widget-heading-wrapper rt-clear heading-style4 \">\n            <span class=\"tpg-widget-heading-line line-left\"><\/span>\n\t\t\t<h3 class='tpg-widget-heading'>\n\t\t\t            <a href=\"#\"  >\n\t\t\t\t\n\t\t\t\t                    <span>\n\t\t\t\t\t\tInformationen und Angebote\t\t\t\t\t<\/span>\n\t\t\t\t\t\n\t\t\t\t            <\/a>\n\n\t\t\t\t\t<\/h3>            <span class=\"tpg-widget-heading-line line-right\"><\/span>\n\n\t\t\t\n        <\/div>\n\n\t\t\n\t\t                <\/div>\n\n                <div class=\"rt-row rt-content-loader gutenberg-inner grid-layout1 grid-behaviour tpg-full-height grid_layout_wrapper\">\n\t\t\t\t\t\n<div class=\"rt-col-md-6 rt-col-sm-6 rt-col-xs-12 default rt-grid-item post-2459 post type-post status-publish format-standard hentry category-startseite\"        data-id=\"2459\">\n    <div class=\"rt-holder tpg-post-holder \">\n        <div class=\"rt-detail rt-el-content-wrapper\">\n\t\t\t                <div class=\"rt-img-holder tpg-el-image-wrap has-no-thumbnail\">\n\t\t\t\t\t<a data-id=\"2459\" href=\"https:\/\/lisas-welt.net\/?p=2459\" class=\"tpg-post-link\" target=\"_self\"><img class='rt-img-responsive' src='https:\/\/lisas-welt.net\/wp-content\/uploads\/2012\/12\/Lamm_04-1024x680.jpg' width=\"1024\" height=\"680\" alt='Speisekarte'>\t\t\n\t\t<\/a>\n\t\t        <div class=\"overlay grid-hover-content\"><\/div>\n\t\t                <\/div>\n\t\t\t\n\t\t\t<div class=\"entry-title-wrapper\"><h4 class=\"entry-title\"><a data-id=\"2459\" href=\"https:\/\/lisas-welt.net\/?p=2459\" class=\"tpg-post-link\" target=\"_self\">Speisekarte<\/a><\/h4><\/div>\n\t\t\t                <div class=\"post-meta-tags rt-el-post-meta\">\n\t\t\t\t\t                <\/div>\n\t\t\t\n\t\t\t                <div class=\"tpg-excerpt tpg-el-excerpt\">\n\t\t\t\t\t                        <div class=\"tpg-excerpt-inner\">\n\t\t\t\t\t\t\tHier finden Sie unsere Speisekarte: Warme K\u00fcche von 17.00 &#8211; 20.30 Uhr ( Sonn- und Feiertage auch 12.00 &#8211; 14.30&#8230;                        <\/div>\n\t\t\t\t\t\t\t\t\t\t                <\/div>\n\t\t\t        <div class=\"post-footer\">\n            <div class=\"post-footer\">\n                <div class=\"read-more\">\n\t\t\t\t\t<a data-id=\"2459\" href=\"https:\/\/lisas-welt.net\/?p=2459\" class=\"tpg-post-link\" target=\"_self\">Weiter &#8230;<\/a>                <\/div>\n            <\/div>\n        <\/div>\n\t\t        <\/div>\n    <\/div>\n<\/div>\n<div class=\"rt-col-md-6 rt-col-sm-6 rt-col-xs-12 default rt-grid-item post-2263 post type-post status-publish format-standard hentry category-startseite\"        data-id=\"2263\">\n    <div class=\"rt-holder tpg-post-holder \">\n        <div class=\"rt-detail rt-el-content-wrapper\">\n\t\t\t                <div class=\"rt-img-holder tpg-el-image-wrap has-no-thumbnail\">\n\t\t\t\t\t<a data-id=\"2263\" href=\"https:\/\/lisas-welt.net\/?p=2263\" class=\"tpg-post-link\" target=\"_self\"><img class='rt-img-responsive' src='https:\/\/lisas-welt.net\/wp-content\/uploads\/2022\/07\/Bild_Aussen_Header-1024x646.jpg' width=\"1024\" height=\"646\" alt='\u00d6ffnungszeiten'>\t\t\n\t\t<\/a>\n\t\t        <div class=\"overlay grid-hover-content\"><\/div>\n\t\t                <\/div>\n\t\t\t\n\t\t\t<div class=\"entry-title-wrapper\"><h4 class=\"entry-title\"><a data-id=\"2263\" href=\"https:\/\/lisas-welt.net\/?p=2263\" class=\"tpg-post-link\" target=\"_self\">\u00d6ffnungszeiten<\/a><\/h4><\/div>\n\t\t\t                <div class=\"post-meta-tags rt-el-post-meta\">\n\t\t\t\t\t                <\/div>\n\t\t\t\n\t\t\t                <div class=\"tpg-excerpt tpg-el-excerpt\">\n\t\t\t\t\t                        <div class=\"tpg-excerpt-inner\">\n\t\t\t\t\t\t\tBitte beachten Sie die Zeiten f\u00fcr die warme K\u00fcche. Alle&nbsp; leckeren Gerichte&nbsp; auch au\u00dfer Haus&nbsp; zum mitnehmen. Unsere&nbsp; \u00d6ffnungszeiten: Mittwoch&#8230;                        <\/div>\n\t\t\t\t\t\t\t\t\t\t                <\/div>\n\t\t\t        <div class=\"post-footer\">\n            <div class=\"post-footer\">\n                <div class=\"read-more\">\n\t\t\t\t\t<a data-id=\"2263\" href=\"https:\/\/lisas-welt.net\/?p=2263\" class=\"tpg-post-link\" target=\"_self\">Weiter &#8230;<\/a>                <\/div>\n            <\/div>\n        <\/div>\n\t\t        <\/div>\n    <\/div>\n<\/div>\n<div class=\"rt-col-md-6 rt-col-sm-6 rt-col-xs-12 default rt-grid-item post-2257 post type-post status-publish format-standard hentry category-startseite\"        data-id=\"2257\">\n    <div class=\"rt-holder tpg-post-holder \">\n        <div class=\"rt-detail rt-el-content-wrapper\">\n\t\t\t                <div class=\"rt-img-holder tpg-el-image-wrap has-no-thumbnail\">\n\t\t\t\t\t<a data-id=\"2257\" href=\"https:\/\/lisas-welt.net\/?p=2257\" class=\"tpg-post-link\" target=\"_self\">\t\t\n\t\t<\/a>\n\t\t        <div class=\"overlay grid-hover-content\"><\/div>\n\t\t                <\/div>\n\t\t\t\n\t\t\t<div class=\"entry-title-wrapper\"><h4 class=\"entry-title\"><a data-id=\"2257\" href=\"https:\/\/lisas-welt.net\/?p=2257\" class=\"tpg-post-link\" target=\"_self\">T a g e s a n g e b o t e<\/a><\/h4><\/div>\n\t\t\t                <div class=\"post-meta-tags rt-el-post-meta\">\n\t\t\t\t\t                <\/div>\n\t\t\t\n\t\t\t                <div class=\"tpg-excerpt tpg-el-excerpt\">\n\t\t\t\t\t                        <div class=\"tpg-excerpt-inner\">\n\t\t\t\t\t\t\tJeden Freitag : Steak- Tag&#8230;                        <\/div>\n\t\t\t\t\t\t\t\t\t\t                <\/div>\n\t\t\t        <div class=\"post-footer\">\n            <div class=\"post-footer\">\n                <div class=\"read-more\">\n\t\t\t\t\t<a data-id=\"2257\" href=\"https:\/\/lisas-welt.net\/?p=2257\" class=\"tpg-post-link\" target=\"_self\">Weiter &#8230;<\/a>                <\/div>\n            <\/div>\n        <\/div>\n\t\t        <\/div>\n    <\/div>\n<\/div>\n<div class=\"rt-col-md-6 rt-col-sm-6 rt-col-xs-12 default rt-grid-item post-2261 post type-post status-publish format-standard hentry category-startseite\"        data-id=\"2261\">\n    <div class=\"rt-holder tpg-post-holder \">\n        <div class=\"rt-detail rt-el-content-wrapper\">\n\t\t\t                <div class=\"rt-img-holder tpg-el-image-wrap has-no-thumbnail\">\n\t\t\t\t\t<a data-id=\"2261\" href=\"https:\/\/lisas-welt.net\/?p=2261\" class=\"tpg-post-link\" target=\"_self\"><img class='rt-img-responsive' src='https:\/\/lisas-welt.net\/wp-content\/uploads\/2012\/04\/Gaestezimmer_Neu_Kinder.jpg' width=\"648\" height=\"486\" alt='\u00dcbernachtung'>\t\t\n\t\t<\/a>\n\t\t        <div class=\"overlay grid-hover-content\"><\/div>\n\t\t                <\/div>\n\t\t\t\n\t\t\t<div class=\"entry-title-wrapper\"><h4 class=\"entry-title\"><a data-id=\"2261\" href=\"https:\/\/lisas-welt.net\/?p=2261\" class=\"tpg-post-link\" target=\"_self\">\u00dcbernachtung<\/a><\/h4><\/div>\n\t\t\t                <div class=\"post-meta-tags rt-el-post-meta\">\n\t\t\t\t\t                <\/div>\n\t\t\t\n\t\t\t                <div class=\"tpg-excerpt tpg-el-excerpt\">\n\t\t\t\t\t                        <div class=\"tpg-excerpt-inner\">\n\t\t\t\t\t\t\t\u00dcbernachtung mit Fr\u00fchst\u00fcck : ab 46 \u20ac\/Nacht\/Person. Gern bieten wir Ihnen in unserem Haus auch \u00dcbernachtungen in einem unserer komfortabel&#8230;                        <\/div>\n\t\t\t\t\t\t\t\t\t\t                <\/div>\n\t\t\t        <div class=\"post-footer\">\n            <div class=\"post-footer\">\n                <div class=\"read-more\">\n\t\t\t\t\t<a data-id=\"2261\" href=\"https:\/\/lisas-welt.net\/?p=2261\" class=\"tpg-post-link\" target=\"_self\">Weiter &#8230;<\/a>                <\/div>\n            <\/div>\n        <\/div>\n\t\t        <\/div>\n    <\/div>\n<\/div>\n<div class=\"rt-col-md-6 rt-col-sm-6 rt-col-xs-12 default rt-grid-item post-2259 post type-post status-publish format-standard hentry category-startseite\"        data-id=\"2259\">\n    <div class=\"rt-holder tpg-post-holder \">\n        <div class=\"rt-detail rt-el-content-wrapper\">\n\t\t\t                <div class=\"rt-img-holder tpg-el-image-wrap has-no-thumbnail\">\n\t\t\t\t\t<a data-id=\"2259\" href=\"https:\/\/lisas-welt.net\/?p=2259\" class=\"tpg-post-link\" target=\"_self\"><img class='rt-img-responsive' src='https:\/\/lisas-welt.net\/wp-content\/uploads\/2015\/08\/DSC05205-1024x680.jpg' width=\"1024\" height=\"680\" alt='Pauschalangebote'>\t\t\n\t\t<\/a>\n\t\t        <div class=\"overlay grid-hover-content\"><\/div>\n\t\t                <\/div>\n\t\t\t\n\t\t\t<div class=\"entry-title-wrapper\"><h4 class=\"entry-title\"><a data-id=\"2259\" href=\"https:\/\/lisas-welt.net\/?p=2259\" class=\"tpg-post-link\" target=\"_self\">Pauschalangebote<\/a><\/h4><\/div>\n\t\t\t                <div class=\"post-meta-tags rt-el-post-meta\">\n\t\t\t\t\t                <\/div>\n\t\t\t\n\t\t\t                <div class=\"tpg-excerpt tpg-el-excerpt\">\n\t\t\t\t\t                        <div class=\"tpg-excerpt-inner\">\n\t\t\t\t\t\t\tLeistungen Pauschalangebot Lisas Rh\u00f6n&nbsp; 2024 : Tischgetr\u00e4nke inclusive:&nbsp; Fa\u00dfbiere, Weizen, offene Weine, Mineralwasser, Cola ,Fanta, Schorle, Kaffee, Tee &nbsp;Preise: Pro&#8230;                        <\/div>\n\t\t\t\t\t\t\t\t\t\t                <\/div>\n\t\t\t        <div class=\"post-footer\">\n            <div class=\"post-footer\">\n                <div class=\"read-more\">\n\t\t\t\t\t<a data-id=\"2259\" href=\"https:\/\/lisas-welt.net\/?p=2259\" class=\"tpg-post-link\" target=\"_self\">Weiter &#8230;<\/a>                <\/div>\n            <\/div>\n        <\/div>\n\t\t        <\/div>\n    <\/div>\n<\/div>\n<div class=\"rt-col-md-6 rt-col-sm-6 rt-col-xs-12 default rt-grid-item post-2255 post type-post status-publish format-standard hentry category-startseite\"        data-id=\"2255\">\n    <div class=\"rt-holder tpg-post-holder \">\n        <div class=\"rt-detail rt-el-content-wrapper\">\n\t\t\t                <div class=\"rt-img-holder tpg-el-image-wrap has-no-thumbnail\">\n\t\t\t\t\t<a data-id=\"2255\" href=\"https:\/\/lisas-welt.net\/?p=2255\" class=\"tpg-post-link\" target=\"_self\"><img class='rt-img-responsive' src='https:\/\/lisas-welt.net\/wp-content\/uploads\/2012\/04\/Gedeckte-Tafel-im-Saal_02-300x224.jpg' width=\"300\" height=\"224\" alt='Anfragen und Reservierungen'>\t\t\n\t\t<\/a>\n\t\t        <div class=\"overlay grid-hover-content\"><\/div>\n\t\t                <\/div>\n\t\t\t\n\t\t\t<div class=\"entry-title-wrapper\"><h4 class=\"entry-title\"><a data-id=\"2255\" href=\"https:\/\/lisas-welt.net\/?p=2255\" class=\"tpg-post-link\" target=\"_self\">Anfragen und Reservierungen<\/a><\/h4><\/div>\n\t\t\t                <div class=\"post-meta-tags rt-el-post-meta\">\n\t\t\t\t\t                <\/div>\n\t\t\t\n\t\t\t                <div class=\"tpg-excerpt tpg-el-excerpt\">\n\t\t\t\t\t                        <div class=\"tpg-excerpt-inner\">\n\t\t\t\t\t\t\tSie k\u00f6nnen uns mit diesem Kontaktformular ihre Nachrichten, Anfragen oder Reservierungen \u00fcber\u00admitteln. Bitte teilen Sie uns f\u00fcr die R\u00fcckantwort eine&#8230;                        <\/div>\n\t\t\t\t\t\t\t\t\t\t                <\/div>\n\t\t\t        <div class=\"post-footer\">\n            <div class=\"post-footer\">\n                <div class=\"read-more\">\n\t\t\t\t\t<a data-id=\"2255\" href=\"https:\/\/lisas-welt.net\/?p=2255\" class=\"tpg-post-link\" target=\"_self\">Weiter &#8230;<\/a>                <\/div>\n            <\/div>\n        <\/div>\n\t\t        <\/div>\n    <\/div>\n<\/div>                <\/div>\n\n\t\t\t\t\n            <\/div>\n        <\/div>\n\t\t\n\n<p>Wir begr\u00fc\u00dfen Sie ganz herzlich in unserem traditionsreichen Gasthof<\/p>\n<ul>\n<li>wir befinden uns im Luftkurort W\u00fcstensachsen Rh\u00f6n&nbsp;, mitten im Biosph\u00e4renreservat Rh\u00f6n<\/li>\n<li>unmittelbar am Dreil\u00e4ndereck Hessen &#8211; Bayern &#8211; Th\u00fcringen in Ehrenberg Rh\u00f6n<\/li>\n<li>direkt in der herrlichen Landschaft der Rh\u00f6n 7 km bis Wasserkuppe, 7 km bis schwarzes Moor, 4 km bis rotes Moor<\/li>\n<li>Kneiptrettbecken mit st\u00e4ndig frischem Quellwasser&nbsp;&#8211;&nbsp; nur 10 Minuten Fu\u00dfweg von uns entfernt<\/li>\n<li>Freibad mit Minigolf und Paddelteich &#8211;&nbsp; nur 10 Minuten&nbsp; Fu\u00dfweg entfernt<\/li>\n<li>Hallenbad mit Sauna &#8211;&nbsp; nur&nbsp;8 km entfernt<\/li>\n<li>wir liegen direkt am Ulstertal &#8211; Radweg<\/li>\n<li>20 m bis Haltestelle Rh\u00f6n-Rad- Bus und 300 m bis zum Rh\u00f6n Camping Park<\/li>\n<li>kostenloses WLAN&nbsp; in \u00f6ffentlichen Bereichen&nbsp;<\/li>\n<\/ul>\n<p>Auf diesen Internetseiten bieten wir Ihnen Informationen zu unserem Gasthaus mit Pension, zu den aktuellen Angeboten, zu Veranstaltungen, aber auch zu den vielf\u00e4ltigen M\u00f6glichkeiten aktiver und erlebnisreicher Erholung in der herrlichen Rh\u00f6n.<\/p>\n<p>Die Inhalte k\u00f6nnen Sie \u00fcber die Auswahlliste auf der linken Seite erreichen.<\/p>\n<p style=\"font-weight: bold; font-size: 1 em; color: #336600;\">Wir laden Sie herzlich ein unser Gast zu sein und freuen uns auf Ihren Besuch.<\/p>","protected":false},"excerpt":{"rendered":"<p>Wir begr\u00fc\u00dfen Sie ganz herzlich in unserem traditionsreichen Gasthof wir befinden uns im Luftkurort W\u00fcstensachsen Rh\u00f6n&nbsp;, mitten im Biosph\u00e4renreservat Rh\u00f6n unmittelbar am Dreil\u00e4ndereck Hessen &#8211; Bayern &#8211; Th\u00fcringen in Ehrenberg Rh\u00f6n direkt in der herrlichen Landschaft der Rh\u00f6n 7 km bis Wasserkuppe, 7 km bis schwarzes Moor, 4 km bis rotes Moor Kneiptrettbecken mit st\u00e4ndig [&hellip;]<\/p>\n","protected":false},"author":1,"featured_media":0,"parent":0,"menu_order":0,"comment_status":"closed","ping_status":"open","template":"willkommen.php","meta":{"ngg_post_thumbnail":0,"footnotes":""},"class_list":["post-2","page","type-page","status-publish","hentry"],"rttpg_featured_image_url":null,"rttpg_author":{"display_name":"uborger","author_link":"https:\/\/lisas-welt.net\/?author=1"},"rttpg_comment":0,"rttpg_category":null,"rttpg_excerpt":"Wir begr\u00fc\u00dfen Sie ganz herzlich in unserem traditionsreichen Gasthof wir befinden uns im Luftkurort W\u00fcstensachsen Rh\u00f6n&nbsp;, mitten im Biosph\u00e4renreservat Rh\u00f6n unmittelbar am Dreil\u00e4ndereck Hessen &#8211; Bayern &#8211; Th\u00fcringen in Ehrenberg Rh\u00f6n direkt in der herrlichen Landschaft der Rh\u00f6n 7 km bis Wasserkuppe, 7 km bis schwarzes Moor, 4 km bis rotes Moor Kneiptrettbecken mit st\u00e4ndig&hellip;","_links":{"self":[{"href":"https:\/\/lisas-welt.net\/index.php?rest_route=\/wp\/v2\/pages\/2","targetHints":{"allow":["GET"]}}],"collection":[{"href":"https:\/\/lisas-welt.net\/index.php?rest_route=\/wp\/v2\/pages"}],"about":[{"href":"https:\/\/lisas-welt.net\/index.php?rest_route=\/wp\/v2\/types\/page"}],"author":[{"embeddable":true,"href":"https:\/\/lisas-welt.net\/index.php?rest_route=\/wp\/v2\/users\/1"}],"replies":[{"embeddable":true,"href":"https:\/\/lisas-welt.net\/index.php?rest_route=%2Fwp%2Fv2%2Fcomments&post=2"}],"version-history":[{"count":46,"href":"https:\/\/lisas-welt.net\/index.php?rest_route=\/wp\/v2\/pages\/2\/revisions"}],"predecessor-version":[{"id":2330,"href":"https:\/\/lisas-welt.net\/index.php?rest_route=\/wp\/v2\/pages\/2\/revisions\/2330"}],"wp:attachment":[{"href":"https:\/\/lisas-welt.net\/index.php?rest_route=%2Fwp%2Fv2%2Fmedia&parent=2"}],"curies":[{"name":"wp","href":"https:\/\/api.w.org\/{rel}","templated":true}]}}