{"id":23,"date":"2012-04-09T13:52:24","date_gmt":"2012-04-09T13:52:24","guid":{"rendered":"http:\/\/Server2003:8080\/Lisas_Welt\/Wordpress_01\/?page_id=23"},"modified":"2018-05-20T21:56:17","modified_gmt":"2018-05-20T21:56:17","slug":"impressum","status":"publish","type":"page","link":"https:\/\/lisas-welt.net\/?page_id=23","title":{"rendered":"Impressum + Datenschutz"},"content":{"rendered":"<div style=\"margin-top: 10px; text-align: center; line-height: 1.5em;\">Verantwortlich im Sinne des \u00a7 6 TDG f\u00fcr die Inhalte dieser Webseiten ist:Frau Sehiza Salihovic &#8211; K\u00f6hler<br \/>\nLuftkurort W\u00fcstensachsen ++ Tanner Str. 18 ++ 36115 Ehrenberg<br \/>\nTel.: 06683 250 ++ Fax: 06683 9170449<br \/>\nE-Mail: info@lisas-welt.net<\/div>\n<h4 style=\"text-align: center;\">Hyperlinks:<\/h4>\n<div style=\"text-align: center; line-height: 1.5em;\">Haftungshinweis: Trotz sorgf\u00e4ltiger inhaltlicher Kontrolle \u00fcbernehmen wir keine Haftung f\u00fcr die Inhalte externer Links. F\u00fcr den Inhalt der verlinkten Seiten sind ausschlie\u00dflich deren Betreiber verantwortlich.<\/div>\n<div style=\"text-align: center; line-height: 1.5em;\">&nbsp;<\/div>\n<div align=\"center\"><b>Datenschutzerkl\u00e4rung<\/b><\/div>\n<p>Wir erheben und verwenden Ihre personenbezogenen Daten ausschlie\u00dflich im Rahmen der Bestimmungen des Datenschutzrechts der Bundesrepublik Deutschland. Im Folgenden unterrichten wir Sie \u00fcber Art, Umfang und Zwecke der Erhebung und Verwendung personenbezogener Daten. Sie k\u00f6nnen diese Unterrichtung jederzeit auf unserer Webseite abrufen.<\/p>\n<div align=\"justify\">\n<p><b>Daten\u00fcbermittlung und -protokollierung zu systeminternen und statistischen Zwecken<\/b><\/p>\n<div align=\"justify\">Ihr Internet-Browser \u00fcbermittelt beim Zugriff auf unsere Webseite aus technischen Gr\u00fcnden automatisch Daten an unseren Webserver. Es handelt sich dabei unter anderem um Datum und Uhrzeit des Zugriffs, URL der verweisenden Webseite, abgerufene Datei, Menge der gesendeten Daten, Browsertyp und -version, Betriebssystem sowie Ihre IP-Adresse. Diese Daten werden getrennt von anderen Daten, die Sie im Rahmen der Nutzung unseres Angebotes eingeben gespeichert. Eine Zuordnung dieser Daten zu einer bestimmten Person ist uns nicht m\u00f6glich. Diese Daten werden zu statistischen Zwecken ausgewertet und im Anschluss gel\u00f6scht.<\/div>\n<p><b>Bestandsdaten<\/b><\/p>\n<div align=\"justify\">\n<p>Sofern zwischen Ihnen und uns ein Vertragsverh\u00e4ltnis begr\u00fcndet, inhaltlich ausgestaltet oder ge\u00e4ndert werden soll, erheben und verwenden wir personenbezogene Daten von Ihnen, soweit dies zu diesen Zwecken erforderlich ist.<\/p>\n<p>Auf Anordnung der zust\u00e4ndigen Stellen d\u00fcrfen wir im Einzelfall Auskunft \u00fcber diese Daten (Bestandsdaten) erteilen, soweit dies f\u00fcr Zwecke der Strafverfolgung, zur Gefahrenabwehr, zur Erf\u00fcllung der gesetzlichen Aufgaben der Verfassungsschutzbeh\u00f6rden oder des Milit\u00e4rischen Abschirmdienstes oder zur Durchsetzung der Rechte am geistigen Eigentum erforderlich ist.<\/p>\n<\/div>\n<p><b>Nutzungsdaten<\/b><\/p>\n<div align=\"justify\">\n<p>Wir erheben und verwenden personenbezogene Daten von Ihnen, soweit dies erforderlich ist, um die Inanspruchnahme unseres Internetangebotes zu erm\u00f6glichen oder abzurechnen (Nutzungsdaten). Dazu geh\u00f6ren insbesondere Merkmale zu Ihrer Identifikation und Angaben zu Beginn und Ende sowie des Umfangs der Nutzung unseres Angebotes.<\/p>\n<p>F\u00fcr Zwecke der Werbung, der Marktforschung und zur bedarfsgerechten Gestaltung unseres Internetangebotes d\u00fcrfen wir bei Verwendung von Pseudonymen Nutzungsprofile erstellen. Sie haben das Recht, dieser Verwendung Ihrer Daten zu widersprechen. Die Nutzungsprofile d\u00fcrfen wir nicht mit Daten \u00fcber den Tr\u00e4ger des Pseudonyms zusammenf\u00fchren.<\/p>\n<p>Auf Anordnung der zust\u00e4ndigen Stellen d\u00fcrfen wir im Einzelfall Auskunft \u00fcber diese Daten (Bestandsdaten) erteilen, soweit dies f\u00fcr Zwecke der Strafverfolgung, zur Gefahrenabwehr, zur Erf\u00fcllung der gesetzlichen Aufgaben der Verfassungsschutzbeh\u00f6rden oder des Milit\u00e4rischen Abschirmdienstes oder zur Durchsetzung der Rechte am geistigen Eigentum erforderlich ist.<\/p>\n<\/div>\n<p><b>Auskunftsrecht<\/b><\/p>\n<div align=\"justify\">Als Nutzer unseres Internetangebotes haben Sie das Recht, von uns Auskunft \u00fcber die zu Ihrer Person oder zu Ihrem Pseudonym gespeicherten Daten zu verlangen. Auf Ihr Verlangen kann die Auskunft auch elektronisch erteilt werden.<\/div>\n<p>&nbsp;<\/p>\n<div style=\"font-size: 11px;\">&nbsp;<\/div>\n<\/div>\n","protected":false},"excerpt":{"rendered":"<p>Verantwortlich im Sinne des \u00a7 6 TDG f\u00fcr die Inhalte dieser Webseiten ist:Frau Sehiza Salihovic &#8211; K\u00f6hler Luftkurort W\u00fcstensachsen ++ Tanner Str. 18 ++ 36115 Ehrenberg Tel.: 06683 250 ++ Fax: 06683 9170449 E-Mail: info@lisas-welt.net Hyperlinks: Haftungshinweis: Trotz sorgf\u00e4ltiger inhaltlicher Kontrolle \u00fcbernehmen wir keine Haftung f\u00fcr die Inhalte externer Links. F\u00fcr den Inhalt der verlinkten [&hellip;]<\/p>\n","protected":false},"author":1,"featured_media":0,"parent":0,"menu_order":7,"comment_status":"closed","ping_status":"open","template":"","meta":{"ngg_post_thumbnail":0,"footnotes":""},"class_list":["post-23","page","type-page","status-publish","hentry"],"rttpg_featured_image_url":null,"rttpg_author":{"display_name":"uborger","author_link":"https:\/\/lisas-welt.net\/?author=1"},"rttpg_comment":0,"rttpg_category":null,"rttpg_excerpt":"Verantwortlich im Sinne des \u00a7 6 TDG f\u00fcr die Inhalte dieser Webseiten ist:Frau Sehiza Salihovic &#8211; K\u00f6hler Luftkurort W\u00fcstensachsen ++ Tanner Str. 18 ++ 36115 Ehrenberg Tel.: 06683 250 ++ Fax: 06683 9170449 E-Mail: info@lisas-welt.net Hyperlinks: Haftungshinweis: Trotz sorgf\u00e4ltiger inhaltlicher Kontrolle \u00fcbernehmen wir keine Haftung f\u00fcr die Inhalte externer Links. F\u00fcr den Inhalt der verlinkten&hellip;","_links":{"self":[{"href":"https:\/\/lisas-welt.net\/index.php?rest_route=\/wp\/v2\/pages\/23","targetHints":{"allow":["GET"]}}],"collection":[{"href":"https:\/\/lisas-welt.net\/index.php?rest_route=\/wp\/v2\/pages"}],"about":[{"href":"https:\/\/lisas-welt.net\/index.php?rest_route=\/wp\/v2\/types\/page"}],"author":[{"embeddable":true,"href":"https:\/\/lisas-welt.net\/index.php?rest_route=\/wp\/v2\/users\/1"}],"replies":[{"embeddable":true,"href":"https:\/\/lisas-welt.net\/index.php?rest_route=%2Fwp%2Fv2%2Fcomments&post=23"}],"version-history":[{"count":27,"href":"https:\/\/lisas-welt.net\/index.php?rest_route=\/wp\/v2\/pages\/23\/revisions"}],"predecessor-version":[{"id":1275,"href":"https:\/\/lisas-welt.net\/index.php?rest_route=\/wp\/v2\/pages\/23\/revisions\/1275"}],"wp:attachment":[{"href":"https:\/\/lisas-welt.net\/index.php?rest_route=%2Fwp%2Fv2%2Fmedia&parent=23"}],"curies":[{"name":"wp","href":"https:\/\/api.w.org\/{rel}","templated":true}]}}