{"id":34,"date":"2012-04-09T18:05:51","date_gmt":"2012-04-09T18:05:51","guid":{"rendered":"http:\/\/Server2003:8080\/Lisas_Welt\/Wordpress_01\/?page_id=34"},"modified":"2024-02-14T13:07:14","modified_gmt":"2024-02-14T13:07:14","slug":"gruppen-und-firmen","status":"publish","type":"page","link":"https:\/\/lisas-welt.net\/?page_id=34","title":{"rendered":"Gruppen und Firmen"},"content":{"rendered":"<p>F\u00fcr Ihre Schulung, Besprechung, Mitgliederversammlung oder sonstige Veranstaltung bieten wir:<\/p>\n<ul>\n<li>Tagungsr\u00e4ume f\u00fcr 20 bis 100 Personen<\/li>\n<li>Effektive Erholung mit kurzen Spazierg\u00e4ngen durch herrliche Rh\u00f6nwiesen entlang der Ulster<\/li>\n<li>Wassertretbecken ca. 500 m entfernt &#8211; direkt von unserem Haus aus!<\/li>\n<li>Pausenkaffee und Obst&nbsp;<\/li>\n<li>Kaffee und Kuchen&nbsp;<\/li>\n<li>Mittagessen light&nbsp;<\/li>\n<\/ul>\n<p>Pauschalangebote f\u00fcr Tagungen erhalten Sie auf Anfrage.<\/p>\n<p><a href=\"\/wp-content\/uploads\/2012\/04\/Gruppen_01.jpg\"><img loading=\"lazy\" decoding=\"async\" class=\"alignnone size-full wp-image-194\" title=\"Gruppen_01\" src=\"\/wp-content\/uploads\/2012\/04\/Gruppen_01.jpg\" alt=\"\" width=\"242\" height=\"182\" srcset=\"https:\/\/lisas-welt.net\/wp-content\/uploads\/2012\/04\/Gruppen_01.jpg 730w, https:\/\/lisas-welt.net\/wp-content\/uploads\/2012\/04\/Gruppen_01-300x224.jpg 300w\" sizes=\"auto, (max-width: 242px) 100vw, 242px\" \/><\/a><\/p>\n","protected":false},"excerpt":{"rendered":"<p>F\u00fcr Ihre Schulung, Besprechung, Mitgliederversammlung oder sonstige Veranstaltung bieten wir: Tagungsr\u00e4ume f\u00fcr 20 bis 100 Personen Effektive Erholung mit kurzen Spazierg\u00e4ngen durch herrliche Rh\u00f6nwiesen entlang der Ulster Wassertretbecken ca. 500 m entfernt &#8211; direkt von unserem Haus aus! Pausenkaffee und Obst&nbsp; Kaffee und Kuchen&nbsp; Mittagessen light&nbsp; Pauschalangebote f\u00fcr Tagungen erhalten Sie auf Anfrage.<\/p>\n","protected":false},"author":1,"featured_media":0,"parent":19,"menu_order":15,"comment_status":"closed","ping_status":"closed","template":"","meta":{"ngg_post_thumbnail":0,"footnotes":""},"class_list":["post-34","page","type-page","status-publish","hentry"],"rttpg_featured_image_url":null,"rttpg_author":{"display_name":"uborger","author_link":"https:\/\/lisas-welt.net\/?author=1"},"rttpg_comment":0,"rttpg_category":null,"rttpg_excerpt":"F\u00fcr Ihre Schulung, Besprechung, Mitgliederversammlung oder sonstige Veranstaltung bieten wir: Tagungsr\u00e4ume f\u00fcr 20 bis 100 Personen Effektive Erholung mit kurzen Spazierg\u00e4ngen durch herrliche Rh\u00f6nwiesen entlang der Ulster Wassertretbecken ca. 500 m entfernt &#8211; direkt von unserem Haus aus! Pausenkaffee und Obst&nbsp; Kaffee und Kuchen&nbsp; Mittagessen light&nbsp; Pauschalangebote f\u00fcr Tagungen erhalten Sie auf Anfrage.","_links":{"self":[{"href":"https:\/\/lisas-welt.net\/index.php?rest_route=\/wp\/v2\/pages\/34","targetHints":{"allow":["GET"]}}],"collection":[{"href":"https:\/\/lisas-welt.net\/index.php?rest_route=\/wp\/v2\/pages"}],"about":[{"href":"https:\/\/lisas-welt.net\/index.php?rest_route=\/wp\/v2\/types\/page"}],"author":[{"embeddable":true,"href":"https:\/\/lisas-welt.net\/index.php?rest_route=\/wp\/v2\/users\/1"}],"replies":[{"embeddable":true,"href":"https:\/\/lisas-welt.net\/index.php?rest_route=%2Fwp%2Fv2%2Fcomments&post=34"}],"version-history":[{"count":10,"href":"https:\/\/lisas-welt.net\/index.php?rest_route=\/wp\/v2\/pages\/34\/revisions"}],"predecessor-version":[{"id":2005,"href":"https:\/\/lisas-welt.net\/index.php?rest_route=\/wp\/v2\/pages\/34\/revisions\/2005"}],"up":[{"embeddable":true,"href":"https:\/\/lisas-welt.net\/index.php?rest_route=\/wp\/v2\/pages\/19"}],"wp:attachment":[{"href":"https:\/\/lisas-welt.net\/index.php?rest_route=%2Fwp%2Fv2%2Fmedia&parent=34"}],"curies":[{"name":"wp","href":"https:\/\/api.w.org\/{rel}","templated":true}]}}