{"id":344,"date":"2012-12-29T12:14:16","date_gmt":"2012-12-29T12:14:16","guid":{"rendered":"http:\/\/cms.lisas-welt.net\/?page_id=344"},"modified":"2024-02-14T17:50:52","modified_gmt":"2024-02-14T17:50:52","slug":"lisas-original-pita","status":"publish","type":"page","link":"https:\/\/lisas-welt.net\/?page_id=344","title":{"rendered":"Lisas Original Pita"},"content":{"rendered":"<table border=\"0\">\n<tbody>\n<tr>\n<td colspan=\"2\">\n<h4><strong>Pita &#8211; Variante eines Auflaufs oder Strudels aus Teig mit einer w\u00fcrzigen F\u00fcllung aus Hackfleisch, Schafsk\u00e4se, Spinat oder anderem Gem\u00fcse.<\/strong><\/h4>\n<p>Das Geheimnis ist der stets frisch zubereitete und mit gro\u00dfem Aufwand extrem d\u00fcnn ausgerollte Teig.<\/p>\n<p>ab 4 Personen<\/p>\n<p>Preis :&nbsp; 19,50&nbsp; pro Person, inklusive leckerem Krautsalat<\/p>\n<p>Unbedingt vorbestellen !<\/p>\n<p>Jetzt reservieren :&nbsp;&nbsp; 06683 &#8211; 250 !<\/p>\n<\/td>\n<td><img loading=\"lazy\" decoding=\"async\" class=\"alignnone size-thumbnail wp-image-335\" title=\"Pita_11\" src=\"https:\/\/lisas-welt.net\/wp-content\/uploads\/2012\/12\/Pita_11-150x150.jpg\" alt=\"\" width=\"150\" height=\"150\"><\/td>\n<\/tr>\n<tr>\n<td><a title=\"Pita_01\" href=\"https:\/\/lisas-welt.net\/wp-content\/uploads\/2012\/12\/Pita_01.jpg\" rel=\"prettyPhoto-img\"><img loading=\"lazy\" decoding=\"async\" class=\"alignnone size-thumbnail wp-image-325\" title=\"Pita_01\" src=\"https:\/\/lisas-welt.net\/wp-content\/uploads\/2012\/12\/Pita_01-150x150.jpg\" alt=\"\" width=\"150\" height=\"150\"><\/a><\/td>\n<td><a title=\"Pita_02\" href=\"https:\/\/lisas-welt.net\/wp-content\/uploads\/2012\/12\/Pita_02.jpg\" rel=\"prettyPhoto-img\"><img loading=\"lazy\" decoding=\"async\" class=\"alignnone size-thumbnail wp-image-326\" title=\"Pita_02\" src=\"https:\/\/lisas-welt.net\/wp-content\/uploads\/2012\/12\/Pita_02-150x150.jpg\" alt=\"\" width=\"150\" height=\"150\"><\/a><\/td>\n<td><a title=\"Pita_03\" href=\"https:\/\/lisas-welt.net\/wp-content\/uploads\/2012\/12\/Pita_03.jpg\" rel=\"prettyPhoto-img\"><img loading=\"lazy\" decoding=\"async\" class=\"alignnone size-thumbnail wp-image-327\" title=\"Pita_03\" src=\"https:\/\/lisas-welt.net\/wp-content\/uploads\/2012\/12\/Pita_03-150x150.jpg\" alt=\"\" width=\"150\" height=\"150\"><\/a><\/td>\n<\/tr>\n<tr>\n<td><a title=\"Pita_04\" href=\"https:\/\/lisas-welt.net\/wp-content\/uploads\/2012\/12\/Pita_04.jpg\" rel=\"prettyPhoto-img\"><img loading=\"lazy\" decoding=\"async\" class=\"alignnone size-thumbnail wp-image-328\" title=\"Pita_04\" src=\"https:\/\/lisas-welt.net\/wp-content\/uploads\/2012\/12\/Pita_04-150x150.jpg\" alt=\"\" width=\"150\" height=\"150\"><\/a><\/td>\n<td><a title=\"Pita_05\" href=\"https:\/\/lisas-welt.net\/wp-content\/uploads\/2012\/12\/Pita_05.jpg\" rel=\"prettyPhoto-img\"><img loading=\"lazy\" decoding=\"async\" class=\"alignnone size-thumbnail wp-image-329\" title=\"Pita_05\" src=\"https:\/\/lisas-welt.net\/wp-content\/uploads\/2012\/12\/Pita_05-150x150.jpg\" alt=\"\" width=\"150\" height=\"150\"><\/a><\/td>\n<td><a title=\"Pita_07\" href=\"https:\/\/lisas-welt.net\/wp-content\/uploads\/2012\/12\/Pita_07.jpg\" rel=\"prettyPhoto-img\"><img loading=\"lazy\" decoding=\"async\" class=\"alignnone size-thumbnail wp-image-331\" title=\"Pita_07\" src=\"https:\/\/lisas-welt.net\/wp-content\/uploads\/2012\/12\/Pita_07-150x150.jpg\" alt=\"\" width=\"150\" height=\"150\"><\/a><\/td>\n<\/tr>\n<tr>\n<td><a title=\"Pita_08\" href=\"https:\/\/lisas-welt.net\/wp-content\/uploads\/2012\/12\/Pita_08.jpg\" rel=\"prettyPhoto-img\"><img loading=\"lazy\" decoding=\"async\" class=\"alignnone size-thumbnail wp-image-332\" title=\"Pita_08\" src=\"https:\/\/lisas-welt.net\/wp-content\/uploads\/2012\/12\/Pita_08-150x150.jpg\" alt=\"\" width=\"150\" height=\"150\"><\/a><\/td>\n<td><a title=\"Pita_09\" href=\"https:\/\/lisas-welt.net\/wp-content\/uploads\/2012\/12\/Pita_09.jpg\" rel=\"prettyPhoto-img\"><img loading=\"lazy\" decoding=\"async\" class=\"alignnone size-thumbnail wp-image-333\" title=\"Pita_09\" src=\"https:\/\/lisas-welt.net\/wp-content\/uploads\/2012\/12\/Pita_09-150x150.jpg\" alt=\"\" width=\"150\" height=\"150\"><\/a><\/td>\n<td><a title=\"Pita_10\" href=\"https:\/\/lisas-welt.net\/wp-content\/uploads\/2012\/12\/Pita_10.jpg\" rel=\"prettyPhoto-img\"><img loading=\"lazy\" decoding=\"async\" class=\"alignnone size-thumbnail wp-image-334\" title=\"Pita_10\" src=\"https:\/\/lisas-welt.net\/wp-content\/uploads\/2012\/12\/Pita_10-150x150.jpg\" alt=\"\" width=\"150\" height=\"150\"><\/a><\/td>\n<\/tr>\n<\/tbody>\n<\/table>\n\n\n<p><\/p>\n","protected":false},"excerpt":{"rendered":"<p>Pita &#8211; Variante eines Auflaufs oder Strudels aus Teig mit einer w\u00fcrzigen F\u00fcllung aus Hackfleisch, Schafsk\u00e4se, Spinat oder anderem Gem\u00fcse. Das Geheimnis ist der stets frisch zubereitete und mit gro\u00dfem Aufwand extrem d\u00fcnn ausgerollte Teig. ab 4 Personen Preis :&nbsp; 19,50&nbsp; pro Person, inklusive leckerem Krautsalat Unbedingt vorbestellen ! Jetzt reservieren :&nbsp;&nbsp; 06683 &#8211; 250 [&hellip;]<\/p>\n","protected":false},"author":1,"featured_media":0,"parent":338,"menu_order":1,"comment_status":"closed","ping_status":"open","template":"","meta":{"ngg_post_thumbnail":0,"footnotes":""},"class_list":["post-344","page","type-page","status-publish","hentry"],"rttpg_featured_image_url":null,"rttpg_author":{"display_name":"uborger","author_link":"https:\/\/lisas-welt.net\/?author=1"},"rttpg_comment":0,"rttpg_category":null,"rttpg_excerpt":"Pita &#8211; Variante eines Auflaufs oder Strudels aus Teig mit einer w\u00fcrzigen F\u00fcllung aus Hackfleisch, Schafsk\u00e4se, Spinat oder anderem Gem\u00fcse. Das Geheimnis ist der stets frisch zubereitete und mit gro\u00dfem Aufwand extrem d\u00fcnn ausgerollte Teig. ab 4 Personen Preis :&nbsp; 19,50&nbsp; pro Person, inklusive leckerem Krautsalat Unbedingt vorbestellen ! Jetzt reservieren :&nbsp;&nbsp; 06683 &#8211; 250&hellip;","_links":{"self":[{"href":"https:\/\/lisas-welt.net\/index.php?rest_route=\/wp\/v2\/pages\/344","targetHints":{"allow":["GET"]}}],"collection":[{"href":"https:\/\/lisas-welt.net\/index.php?rest_route=\/wp\/v2\/pages"}],"about":[{"href":"https:\/\/lisas-welt.net\/index.php?rest_route=\/wp\/v2\/types\/page"}],"author":[{"embeddable":true,"href":"https:\/\/lisas-welt.net\/index.php?rest_route=\/wp\/v2\/users\/1"}],"replies":[{"embeddable":true,"href":"https:\/\/lisas-welt.net\/index.php?rest_route=%2Fwp%2Fv2%2Fcomments&post=344"}],"version-history":[{"count":11,"href":"https:\/\/lisas-welt.net\/index.php?rest_route=\/wp\/v2\/pages\/344\/revisions"}],"predecessor-version":[{"id":2013,"href":"https:\/\/lisas-welt.net\/index.php?rest_route=\/wp\/v2\/pages\/344\/revisions\/2013"}],"up":[{"embeddable":true,"href":"https:\/\/lisas-welt.net\/index.php?rest_route=\/wp\/v2\/pages\/338"}],"wp:attachment":[{"href":"https:\/\/lisas-welt.net\/index.php?rest_route=%2Fwp%2Fv2%2Fmedia&parent=344"}],"curies":[{"name":"wp","href":"https:\/\/api.w.org\/{rel}","templated":true}]}}