{"id":354,"date":"2012-12-29T12:17:28","date_gmt":"2012-12-29T12:17:28","guid":{"rendered":"http:\/\/cms.lisas-welt.net\/?page_id=354"},"modified":"2022-08-08T06:03:12","modified_gmt":"2022-08-08T06:03:12","slug":"familienfeiern","status":"publish","type":"page","link":"https:\/\/lisas-welt.net\/?page_id=354","title":{"rendered":"Familienfeiern"},"content":{"rendered":"<p><a href=\"https:\/\/lisas-welt.net\/wp-content\/uploads\/2012\/12\/FamF_03.jpg\"><img loading=\"lazy\" decoding=\"async\" class=\"alignnone size-thumbnail wp-image-363\" title=\"FamF_03\" src=\"https:\/\/lisas-welt.net\/wp-content\/uploads\/2012\/12\/FamF_03-150x150.jpg\" alt=\"\" width=\"150\" height=\"150\"><\/a><a href=\"https:\/\/lisas-welt.net\/wp-content\/uploads\/2012\/12\/FamF_01.jpg\"><img loading=\"lazy\" decoding=\"async\" class=\"alignnone size-thumbnail wp-image-361\" title=\"FamF_01\" src=\"https:\/\/lisas-welt.net\/wp-content\/uploads\/2012\/12\/FamF_01-150x150.jpg\" alt=\"\" width=\"150\" height=\"150\"><\/a><a href=\"https:\/\/lisas-welt.net\/wp-content\/uploads\/2012\/12\/FamF_04.jpg\"><img loading=\"lazy\" decoding=\"async\" class=\"alignnone size-thumbnail wp-image-364\" title=\"FamF_04\" src=\"https:\/\/lisas-welt.net\/wp-content\/uploads\/2012\/12\/FamF_04-150x150.jpg\" alt=\"\" width=\"150\" height=\"150\"><\/a><a href=\"https:\/\/lisas-welt.net\/wp-content\/uploads\/2012\/12\/FamF_05.jpg\"><img loading=\"lazy\" decoding=\"async\" class=\"alignnone size-thumbnail wp-image-365\" title=\"FamF_05\" src=\"https:\/\/lisas-welt.net\/wp-content\/uploads\/2012\/12\/FamF_05-150x150.jpg\" alt=\"\" width=\"150\" height=\"150\"><\/a><a href=\"https:\/\/lisas-welt.net\/wp-content\/uploads\/2018\/01\/Saal_01.jpg\"><img loading=\"lazy\" decoding=\"async\" class=\"alignleft size-medium wp-image-1206\" src=\"https:\/\/lisas-welt.net\/wp-content\/uploads\/2018\/01\/Saal_01-300x225.jpg\" alt=\"\" width=\"300\" height=\"225\" srcset=\"https:\/\/lisas-welt.net\/wp-content\/uploads\/2018\/01\/Saal_01-300x225.jpg 300w, https:\/\/lisas-welt.net\/wp-content\/uploads\/2018\/01\/Saal_01-768x576.jpg 768w, https:\/\/lisas-welt.net\/wp-content\/uploads\/2018\/01\/Saal_01-1024x768.jpg 1024w, https:\/\/lisas-welt.net\/wp-content\/uploads\/2018\/01\/Saal_01.jpg 1772w\" sizes=\"auto, (max-width: 300px) 100vw, 300px\" \/><\/a><a href=\"https:\/\/lisas-welt.net\/wp-content\/uploads\/2018\/01\/Saal_02.jpg\"><img loading=\"lazy\" decoding=\"async\" class=\"alignleft size-medium wp-image-1207\" src=\"https:\/\/lisas-welt.net\/wp-content\/uploads\/2018\/01\/Saal_02-300x225.jpg\" alt=\"\" width=\"300\" height=\"225\" srcset=\"https:\/\/lisas-welt.net\/wp-content\/uploads\/2018\/01\/Saal_02-300x225.jpg 300w, https:\/\/lisas-welt.net\/wp-content\/uploads\/2018\/01\/Saal_02-768x576.jpg 768w, https:\/\/lisas-welt.net\/wp-content\/uploads\/2018\/01\/Saal_02-1024x768.jpg 1024w, https:\/\/lisas-welt.net\/wp-content\/uploads\/2018\/01\/Saal_02.jpg 1772w\" sizes=\"auto, (max-width: 300px) 100vw, 300px\" \/><\/a><a href=\"https:\/\/lisas-welt.net\/wp-content\/uploads\/2018\/01\/Saal_02.jpg\"><img loading=\"lazy\" decoding=\"async\" class=\"alignleft size-medium wp-image-1207\" src=\"https:\/\/lisas-welt.net\/wp-content\/uploads\/2018\/01\/Saal_02-300x225.jpg\" alt=\"\" width=\"300\" height=\"225\" srcset=\"https:\/\/lisas-welt.net\/wp-content\/uploads\/2018\/01\/Saal_02-300x225.jpg 300w, https:\/\/lisas-welt.net\/wp-content\/uploads\/2018\/01\/Saal_02-768x576.jpg 768w, https:\/\/lisas-welt.net\/wp-content\/uploads\/2018\/01\/Saal_02-1024x768.jpg 1024w, https:\/\/lisas-welt.net\/wp-content\/uploads\/2018\/01\/Saal_02.jpg 1772w\" sizes=\"auto, (max-width: 300px) 100vw, 300px\" \/><\/a><a href=\"https:\/\/lisas-welt.net\/wp-content\/uploads\/2018\/01\/DSC08140.jpg\"><img loading=\"lazy\" decoding=\"async\" class=\"alignleft size-medium wp-image-1205\" src=\"https:\/\/lisas-welt.net\/wp-content\/uploads\/2018\/01\/DSC08140-300x199.jpg\" alt=\"\" width=\"300\" height=\"199\" srcset=\"https:\/\/lisas-welt.net\/wp-content\/uploads\/2018\/01\/DSC08140-300x199.jpg 300w, https:\/\/lisas-welt.net\/wp-content\/uploads\/2018\/01\/DSC08140-768x510.jpg 768w, https:\/\/lisas-welt.net\/wp-content\/uploads\/2018\/01\/DSC08140-1024x680.jpg 1024w\" sizes=\"auto, (max-width: 300px) 100vw, 300px\" \/><\/a><a href=\"https:\/\/lisas-welt.net\/wp-content\/uploads\/2018\/01\/DSC07603.jpg\"><img loading=\"lazy\" decoding=\"async\" class=\"alignleft size-medium wp-image-1204\" src=\"https:\/\/lisas-welt.net\/wp-content\/uploads\/2018\/01\/DSC07603-300x199.jpg\" alt=\"\" width=\"300\" height=\"199\" srcset=\"https:\/\/lisas-welt.net\/wp-content\/uploads\/2018\/01\/DSC07603-300x199.jpg 300w, https:\/\/lisas-welt.net\/wp-content\/uploads\/2018\/01\/DSC07603-768x510.jpg 768w, https:\/\/lisas-welt.net\/wp-content\/uploads\/2018\/01\/DSC07603-1024x680.jpg 1024w\" sizes=\"auto, (max-width: 300px) 100vw, 300px\" \/><\/a><a href=\"https:\/\/lisas-welt.net\/wp-content\/uploads\/2018\/01\/DSC08140.jpg\"><img loading=\"lazy\" decoding=\"async\" class=\"alignleft size-medium wp-image-1205\" src=\"https:\/\/lisas-welt.net\/wp-content\/uploads\/2018\/01\/DSC08140-300x199.jpg\" alt=\"\" width=\"300\" height=\"199\" srcset=\"https:\/\/lisas-welt.net\/wp-content\/uploads\/2018\/01\/DSC08140-300x199.jpg 300w, https:\/\/lisas-welt.net\/wp-content\/uploads\/2018\/01\/DSC08140-768x510.jpg 768w, https:\/\/lisas-welt.net\/wp-content\/uploads\/2018\/01\/DSC08140-1024x680.jpg 1024w\" sizes=\"auto, (max-width: 300px) 100vw, 300px\" \/><\/a><a href=\"https:\/\/lisas-welt.net\/wp-content\/uploads\/2018\/01\/Saal_02.jpg\"><img loading=\"lazy\" decoding=\"async\" class=\"alignleft size-medium wp-image-1207\" src=\"https:\/\/lisas-welt.net\/wp-content\/uploads\/2018\/01\/Saal_02-300x225.jpg\" alt=\"\" width=\"300\" height=\"225\" srcset=\"https:\/\/lisas-welt.net\/wp-content\/uploads\/2018\/01\/Saal_02-300x225.jpg 300w, https:\/\/lisas-welt.net\/wp-content\/uploads\/2018\/01\/Saal_02-768x576.jpg 768w, https:\/\/lisas-welt.net\/wp-content\/uploads\/2018\/01\/Saal_02-1024x768.jpg 1024w, https:\/\/lisas-welt.net\/wp-content\/uploads\/2018\/01\/Saal_02.jpg 1772w\" sizes=\"auto, (max-width: 300px) 100vw, 300px\" \/><\/a><\/p>\n<p style=\"text-align: center;\"><strong>Hier einige Men\u00fc &#8211; Beispiele f\u00fcr Ihre Feier<\/strong><\/p>\n<p style=\"text-align: center;\"><strong>Alle Men\u00fcs sind ver\u00e4nderbar&nbsp; &#8211;<br \/>\ngerne servieren wir Ihnen die Men\u00fcs als 3- oder&nbsp;5-Gang &#8211; Men\u00fc<\/strong><\/p>\n<p>&nbsp;<\/p>\n<p style=\"text-align: center;\"><strong><span style=\"text-decoration: underline;\">Men\u00fc 1<\/span><br \/>\n<\/strong><\/p>\n<p style=\"text-align: center;\">Schweineschnitzel &nbsp;mit einer hausgemachten So\u00dfe<br \/>\n(Champignon oder&nbsp;Zigeunerso\u00dfe )<br \/>\noder Tomate&nbsp; &#8211; Mozzarella \u00fcberbacken<br \/>\nLisas \u2013 Kartoffeln<br \/>\nGemischter Salat<\/p>\n<p style=\"text-align: right;\"><em><strong>&nbsp;<\/strong><\/em><\/p>\n<p style=\"text-align: center;\"><span style=\"text-decoration: underline;\"><strong>Men\u00fc 2<\/strong><\/span><\/p>\n<p style=\"text-align: center;\"><strong>&nbsp;<\/strong>Schweinebraten &nbsp;oder&nbsp; Lammbraten<br \/>\nBratenso\u00dfe<br \/>\nLisas \u2013 Kartoffeln<br \/>\nGemischter &nbsp;Salat<\/p>\n<p style=\"text-align: right;\"><em><strong>&nbsp;<\/strong><\/em><\/p>\n<p style=\"text-align: center;\"><strong>&nbsp;<\/strong><\/p>\n<p style=\"text-align: center;\"><strong><span style=\"text-decoration: underline;\">Men\u00fc&nbsp;3<\/span><br \/>\n<\/strong><\/p>\n<p style=\"text-align: center;\">Schweinebraten<br \/>\nSchweineschnitzel<br \/>\nPutenbruststreifen<br \/>\nmit Paprikastreifen und frischen Champignons in Rahmso\u00dfe<br \/>\nNudeln, Gnocchi<br \/>\nButterreis,&nbsp; Pommes Frites<br \/>\nGemischter &nbsp;Salat , Kraut \u2013 und M\u00f6hrensalat<br \/>\nSahnedressing<\/p>\n<p style=\"text-align: right;\"><em><strong>&nbsp;<\/strong><\/em><\/p>\n<p style=\"text-align: center;\"><span style=\"color: #000000; text-decoration: underline;\"><strong>Men\u00fc 4<\/strong><\/span><\/p>\n<p style=\"text-align: center;\">Hausgemachte Suppe<br \/>\nRh\u00f6ner&nbsp; Krustenbraten<br \/>\nSchweineschnitzel&nbsp; Wiener Art<br \/>\nPutenbruststreifen<br \/>\nmit Paprikastreifen und frischen Champignons in Rahmso\u00dfe<br \/>\nGem\u00fcse :&nbsp;&nbsp; Brokkoli&nbsp; und Blumenkohl<br \/>\nLisas- &nbsp;Kartoffeln (Rosmarin \u2013 Kartoffeln)<br \/>\nPommes Frites,&nbsp; Sp\u00e4tzle<\/p>\n<p style=\"text-align: right;\"><em><strong>&nbsp;<\/strong><\/em><\/p>\n<p style=\"text-align: center;\"><span style=\"text-decoration: underline;\"><strong>Men\u00fc 5<\/strong><\/span><\/p>\n<p style=\"text-align: center;\">Filets von der Rh\u00f6ner Bachforelle nach M\u00fcllerin Art<br \/>\nmit Sahnemeerrettich und zerlassener &nbsp;Butter<br \/>\nSchnitzel mit Tomate &#8211;&nbsp; Mozzarella \u00fcberbacken<br \/>\nSchweineschnitzel<br \/>\nLammbraten<br \/>\nPutengeschnetzeltes<br \/>\nSalzkartoffeln<br \/>\nSp\u00e4tzele,&nbsp; Lisas- Kartoffeln (Rosmarin \u2013 Kartoffeln)<br \/>\nPommes Frites<br \/>\nGem\u00fcse:&nbsp; Brokkoli&nbsp; und Blumenkohl<br \/>\nKrautsalat,&nbsp; Tomatensalat<br \/>\nDessert:&nbsp; Vanille \u2013 Eis&nbsp;&nbsp; mit hei\u00dfen Kirschen<\/p>\n<p style=\"text-align: right;\"><strong>&nbsp;<\/strong><\/p>\n","protected":false},"excerpt":{"rendered":"<p>Hier einige Men\u00fc &#8211; Beispiele f\u00fcr Ihre Feier Alle Men\u00fcs sind ver\u00e4nderbar&nbsp; &#8211; gerne servieren wir Ihnen die Men\u00fcs als 3- oder&nbsp;5-Gang &#8211; Men\u00fc &nbsp; Men\u00fc 1 Schweineschnitzel &nbsp;mit einer hausgemachten So\u00dfe (Champignon oder&nbsp;Zigeunerso\u00dfe ) oder Tomate&nbsp; &#8211; Mozzarella \u00fcberbacken Lisas \u2013 Kartoffeln Gemischter Salat &nbsp; Men\u00fc 2 &nbsp;Schweinebraten &nbsp;oder&nbsp; Lammbraten Bratenso\u00dfe Lisas \u2013 Kartoffeln [&hellip;]<\/p>\n","protected":false},"author":1,"featured_media":0,"parent":19,"menu_order":10,"comment_status":"closed","ping_status":"closed","template":"","meta":{"ngg_post_thumbnail":0,"footnotes":""},"class_list":["post-354","page","type-page","status-publish","hentry"],"rttpg_featured_image_url":null,"rttpg_author":{"display_name":"uborger","author_link":"https:\/\/lisas-welt.net\/?author=1"},"rttpg_comment":0,"rttpg_category":null,"rttpg_excerpt":"Hier einige Men\u00fc &#8211; Beispiele f\u00fcr Ihre Feier Alle Men\u00fcs sind ver\u00e4nderbar&nbsp; &#8211; gerne servieren wir Ihnen die Men\u00fcs als 3- oder&nbsp;5-Gang &#8211; Men\u00fc &nbsp; Men\u00fc 1 Schweineschnitzel &nbsp;mit einer hausgemachten So\u00dfe (Champignon oder&nbsp;Zigeunerso\u00dfe ) oder Tomate&nbsp; &#8211; Mozzarella \u00fcberbacken Lisas \u2013 Kartoffeln Gemischter Salat &nbsp; Men\u00fc 2 &nbsp;Schweinebraten &nbsp;oder&nbsp; Lammbraten Bratenso\u00dfe Lisas \u2013 Kartoffeln&hellip;","_links":{"self":[{"href":"https:\/\/lisas-welt.net\/index.php?rest_route=\/wp\/v2\/pages\/354","targetHints":{"allow":["GET"]}}],"collection":[{"href":"https:\/\/lisas-welt.net\/index.php?rest_route=\/wp\/v2\/pages"}],"about":[{"href":"https:\/\/lisas-welt.net\/index.php?rest_route=\/wp\/v2\/types\/page"}],"author":[{"embeddable":true,"href":"https:\/\/lisas-welt.net\/index.php?rest_route=\/wp\/v2\/users\/1"}],"replies":[{"embeddable":true,"href":"https:\/\/lisas-welt.net\/index.php?rest_route=%2Fwp%2Fv2%2Fcomments&post=354"}],"version-history":[{"count":14,"href":"https:\/\/lisas-welt.net\/index.php?rest_route=\/wp\/v2\/pages\/354\/revisions"}],"predecessor-version":[{"id":1765,"href":"https:\/\/lisas-welt.net\/index.php?rest_route=\/wp\/v2\/pages\/354\/revisions\/1765"}],"up":[{"embeddable":true,"href":"https:\/\/lisas-welt.net\/index.php?rest_route=\/wp\/v2\/pages\/19"}],"wp:attachment":[{"href":"https:\/\/lisas-welt.net\/index.php?rest_route=%2Fwp%2Fv2%2Fmedia&parent=354"}],"curies":[{"name":"wp","href":"https:\/\/api.w.org\/{rel}","templated":true}]}}