{"id":40,"date":"2012-04-09T18:07:10","date_gmt":"2012-04-09T18:07:10","guid":{"rendered":"http:\/\/Server2003:8080\/Lisas_Welt\/Wordpress_01\/?page_id=40"},"modified":"2022-02-14T07:26:04","modified_gmt":"2022-02-14T07:26:04","slug":"modellsegelflieger","status":"publish","type":"page","link":"https:\/\/lisas-welt.net\/?page_id=40","title":{"rendered":"Modellsegelflieger"},"content":{"rendered":"<p>Modellsegelflieger sind uns jederzeit herzlich willkommen.<\/p>\n<p>Die unmittelbar vor unserer Haust\u00fcr liegende Wasserkuppe, auch als Berg der Flieger bekannt, ist ein wahres Eldorado f\u00fcr alle Flugbegeisterten und bietet Ihnen ideale Flugm\u00f6glichkeiten.<\/p>\n<p>Bei entsprechenden Wetterbedingungen starten hier gro\u00dfe und kleine Flugzeuge, um \u00fcber der herrlichen Rh\u00f6ner\u00a0Landschaft ihre Kreise zu ziehen.<\/p>\n<p>Nach Absprache stellen wir Ihnen auch R\u00e4umlichkeiten zur Reparatur Ihrer<br \/>\nFlugzeuge zur Verf\u00fcgung.\u00a0 F\u00fcr kleine Reparaturen halten wir auch eine entsprechende Werkzeugkiste f\u00fcr Sie vor:<\/p>\n<p><a href=\"http:\/\/lisas-welt.net\/wp-content\/uploads\/2015\/11\/DSC06831.jpg\"><img loading=\"lazy\" decoding=\"async\" class=\"alignleft size-medium wp-image-791\" alt=\"DSC06831    Werkzeug f\u00fcr  Modellflugzeuge \" src=\"http:\/\/lisas-welt.net\/wp-content\/uploads\/2015\/11\/DSC06831-300x199.jpg\" width=\"300\" height=\"199\" srcset=\"https:\/\/lisas-welt.net\/wp-content\/uploads\/2015\/11\/DSC06831-300x199.jpg 300w, https:\/\/lisas-welt.net\/wp-content\/uploads\/2015\/11\/DSC06831-1024x680.jpg 1024w\" sizes=\"auto, (max-width: 300px) 100vw, 300px\" \/><br \/>\n<\/a><\/p>\n<p>&nbsp;<\/p>\n<p>&nbsp;<\/p>\n<p>&nbsp;<\/p>\n<p>&nbsp;<\/p>\n<p>&nbsp;<\/p>\n<p>Hier finden Sie eine \u00dcbersicht der Flugpl\u00e4tze f\u00fcr Modellflugzeuge in der Rh\u00f6n :\u00a0 <a href=\"http:\/\/lisas-welt.net\/wp-content\/uploads\/2015\/08\/\u00dcbersicht-Fluggel\u00e4nde-Modellflugpl\u00e4tze-in-der-Rh\u00f6n-.pdf\">\u00dcbersicht-Fluggel\u00e4nde Modellflugpl\u00e4tze in der Rh\u00f6n<\/a><\/p>\n<p>&nbsp;<\/p>\n<p>&nbsp;<\/p>\n","protected":false},"excerpt":{"rendered":"<p>Modellsegelflieger sind uns jederzeit herzlich willkommen. Die unmittelbar vor unserer Haust\u00fcr liegende Wasserkuppe, auch als Berg der Flieger bekannt, ist ein wahres Eldorado f\u00fcr alle Flugbegeisterten und bietet Ihnen ideale Flugm\u00f6glichkeiten. Bei entsprechenden Wetterbedingungen starten hier gro\u00dfe und kleine Flugzeuge, um \u00fcber der herrlichen Rh\u00f6ner\u00a0Landschaft ihre Kreise zu ziehen. Nach Absprache stellen wir Ihnen auch [&hellip;]<\/p>\n","protected":false},"author":1,"featured_media":0,"parent":19,"menu_order":30,"comment_status":"closed","ping_status":"closed","template":"","meta":{"ngg_post_thumbnail":0,"footnotes":""},"class_list":["post-40","page","type-page","status-publish","hentry"],"rttpg_featured_image_url":null,"rttpg_author":{"display_name":"uborger","author_link":"https:\/\/lisas-welt.net\/?author=1"},"rttpg_comment":0,"rttpg_category":null,"rttpg_excerpt":"Modellsegelflieger sind uns jederzeit herzlich willkommen. Die unmittelbar vor unserer Haust\u00fcr liegende Wasserkuppe, auch als Berg der Flieger bekannt, ist ein wahres Eldorado f\u00fcr alle Flugbegeisterten und bietet Ihnen ideale Flugm\u00f6glichkeiten. Bei entsprechenden Wetterbedingungen starten hier gro\u00dfe und kleine Flugzeuge, um \u00fcber der herrlichen Rh\u00f6ner\u00a0Landschaft ihre Kreise zu ziehen. Nach Absprache stellen wir Ihnen auch&hellip;","_links":{"self":[{"href":"https:\/\/lisas-welt.net\/index.php?rest_route=\/wp\/v2\/pages\/40","targetHints":{"allow":["GET"]}}],"collection":[{"href":"https:\/\/lisas-welt.net\/index.php?rest_route=\/wp\/v2\/pages"}],"about":[{"href":"https:\/\/lisas-welt.net\/index.php?rest_route=\/wp\/v2\/types\/page"}],"author":[{"embeddable":true,"href":"https:\/\/lisas-welt.net\/index.php?rest_route=\/wp\/v2\/users\/1"}],"replies":[{"embeddable":true,"href":"https:\/\/lisas-welt.net\/index.php?rest_route=%2Fwp%2Fv2%2Fcomments&post=40"}],"version-history":[{"count":8,"href":"https:\/\/lisas-welt.net\/index.php?rest_route=\/wp\/v2\/pages\/40\/revisions"}],"predecessor-version":[{"id":792,"href":"https:\/\/lisas-welt.net\/index.php?rest_route=\/wp\/v2\/pages\/40\/revisions\/792"}],"up":[{"embeddable":true,"href":"https:\/\/lisas-welt.net\/index.php?rest_route=\/wp\/v2\/pages\/19"}],"wp:attachment":[{"href":"https:\/\/lisas-welt.net\/index.php?rest_route=%2Fwp%2Fv2%2Fmedia&parent=40"}],"curies":[{"name":"wp","href":"https:\/\/api.w.org\/{rel}","templated":true}]}}