{"id":44,"date":"2012-04-09T18:07:58","date_gmt":"2012-04-09T18:07:58","guid":{"rendered":"http:\/\/Server2003:8080\/Lisas_Welt\/Wordpress_01\/?page_id=44"},"modified":"2022-08-07T11:21:30","modified_gmt":"2022-08-07T11:21:30","slug":"wanderfreunde","status":"publish","type":"page","link":"https:\/\/lisas-welt.net\/?page_id=44","title":{"rendered":"Wanderfreunde"},"content":{"rendered":"<p>Wanderer sind bei &#8222;Lisas Welt&#8220; stets willkommen.<\/p>\n<p>Mehr als 6000 km gut ausgeschilderte Wanderwege erwarten Sie in der Rh\u00f6n.<br>\u00dcber M\u00f6glichlkeiten und Angebote informieren wir Sie gern.<\/p>\n<p>Hier einige interessante Links zu Wanderzielen in der Rh\u00f6n:<\/p>\n<ul>\n<li><a href=\"http:\/\/www.rhoen.de\/urlaub-kultur-ferien-wellness\/natur-sport-wandern\/wandern\/der-hochrhoener\/hochrhoener-wanderweg.html\" target=\"_blank\" rel=\"noopener\">Hochrh\u00f6ner Wanderweg<\/a><\/li>\n<li><a href=\"http:\/\/www.ulstertal.de\/start\/index.php\" target=\"_blank\" rel=\"noopener\">Ulstertal<\/a><\/li>\n<li>Rundweg W\u00fcstensachsen<\/li>\n<li>Spezieller Wandertipp<\/li>\n<\/ul>\n<p>Gern stellen wir Ihnen auch ein &#8222;Lisas Welt&#8220; Picknick-Paket f\u00fcr eine gem\u00fctliche Rast zum Preis von <strong>12,00 \u20ac pro Person<\/strong> zusammen.<\/p>\n\n\n<p><\/p>\n","protected":false},"excerpt":{"rendered":"<p>Wanderer sind bei &#8222;Lisas Welt&#8220; stets willkommen. Mehr als 6000 km gut ausgeschilderte Wanderwege erwarten Sie in der Rh\u00f6n.\u00dcber M\u00f6glichlkeiten und Angebote informieren wir Sie gern. Hier einige interessante Links zu Wanderzielen in der Rh\u00f6n: Hochrh\u00f6ner Wanderweg Ulstertal Rundweg W\u00fcstensachsen Spezieller Wandertipp Gern stellen wir Ihnen auch ein &#8222;Lisas Welt&#8220; Picknick-Paket f\u00fcr eine gem\u00fctliche Rast [&hellip;]<\/p>\n","protected":false},"author":1,"featured_media":0,"parent":19,"menu_order":40,"comment_status":"closed","ping_status":"closed","template":"","meta":{"ngg_post_thumbnail":0,"footnotes":""},"class_list":["post-44","page","type-page","status-publish","hentry"],"rttpg_featured_image_url":null,"rttpg_author":{"display_name":"uborger","author_link":"https:\/\/lisas-welt.net\/?author=1"},"rttpg_comment":0,"rttpg_category":null,"rttpg_excerpt":"Wanderer sind bei &#8222;Lisas Welt&#8220; stets willkommen. Mehr als 6000 km gut ausgeschilderte Wanderwege erwarten Sie in der Rh\u00f6n.\u00dcber M\u00f6glichlkeiten und Angebote informieren wir Sie gern. Hier einige interessante Links zu Wanderzielen in der Rh\u00f6n: Hochrh\u00f6ner Wanderweg Ulstertal Rundweg W\u00fcstensachsen Spezieller Wandertipp Gern stellen wir Ihnen auch ein &#8222;Lisas Welt&#8220; Picknick-Paket f\u00fcr eine gem\u00fctliche Rast&hellip;","_links":{"self":[{"href":"https:\/\/lisas-welt.net\/index.php?rest_route=\/wp\/v2\/pages\/44","targetHints":{"allow":["GET"]}}],"collection":[{"href":"https:\/\/lisas-welt.net\/index.php?rest_route=\/wp\/v2\/pages"}],"about":[{"href":"https:\/\/lisas-welt.net\/index.php?rest_route=\/wp\/v2\/types\/page"}],"author":[{"embeddable":true,"href":"https:\/\/lisas-welt.net\/index.php?rest_route=\/wp\/v2\/users\/1"}],"replies":[{"embeddable":true,"href":"https:\/\/lisas-welt.net\/index.php?rest_route=%2Fwp%2Fv2%2Fcomments&post=44"}],"version-history":[{"count":7,"href":"https:\/\/lisas-welt.net\/index.php?rest_route=\/wp\/v2\/pages\/44\/revisions"}],"predecessor-version":[{"id":1755,"href":"https:\/\/lisas-welt.net\/index.php?rest_route=\/wp\/v2\/pages\/44\/revisions\/1755"}],"up":[{"embeddable":true,"href":"https:\/\/lisas-welt.net\/index.php?rest_route=\/wp\/v2\/pages\/19"}],"wp:attachment":[{"href":"https:\/\/lisas-welt.net\/index.php?rest_route=%2Fwp%2Fv2%2Fmedia&parent=44"}],"curies":[{"name":"wp","href":"https:\/\/api.w.org\/{rel}","templated":true}]}}