{"id":48,"date":"2012-04-09T18:09:06","date_gmt":"2012-04-09T18:09:06","guid":{"rendered":"http:\/\/Server2003:8080\/Lisas_Welt\/Wordpress_01\/?page_id=48"},"modified":"2022-02-14T07:26:57","modified_gmt":"2022-02-14T07:26:57","slug":"biker-und-radfahrer","status":"publish","type":"page","link":"https:\/\/lisas-welt.net\/?page_id=48","title":{"rendered":"Biker und Radfahrer"},"content":{"rendered":"<p>Berge, Kurven, herrliche Aussichten &#8211; das ist die Rh\u00f6n!<\/p>\n<p>Biker und Radfahrer sind uns jederzeit herzlich willkommen.<\/p>\n<p>Wir bieten Ihnen:<\/p>\n<ul>\n<li>\u00dcbernachtung f\u00fcr Gruppen.<br \/>\nBei gr\u00f6\u00dferen Gruppen organisieren wir weitere \u00dcbernachtungsm\u00f6glichkeiten in unserer N\u00e4he.<\/li>\n<li>Wir gestalten Ihre Biker &#8211; Feier, bis zu 100 Personen.<\/li>\n<li>B\u00f6lkstoff usw.: Eine Tankstelle befindet sich ca. 50 m von unserem Haus entfernt.<\/li>\n<li>Parkpl\u00e4tze direkt hinter unserem Haus.<\/li>\n<li>Unterstellm\u00f6glichkeiten\u00a0f\u00fcr Motorr\u00e4der und Fahrr\u00e4der\u00a0f\u00fcr bis zu 15\u00a0 Fahrzeuge \u00a0nach Absprache m\u00f6glich.<\/li>\n<\/ul>\n<p>Unser Gasthof &amp; Pension &#8222;Lisas Welt&#8220; liegt direkt am Ulstertalradweg.<br \/>\nN\u00e4here Informationen finden Sie <a href=\"http:\/\/www.ulstertal.de\/ulstertal-radweg\" target=\"_blank\" rel=\"noopener\">hier &#8230;<\/a><\/p>\n<p><a href=\"\/wp-content\/uploads\/2012\/04\/Biker_01.jpg\"><img loading=\"lazy\" decoding=\"async\" class=\"alignnone size-full wp-image-204\" title=\"Biker_01\" src=\"\/wp-content\/uploads\/2012\/04\/Biker_01.jpg\" alt=\"\" width=\"242\" height=\"182\" srcset=\"https:\/\/lisas-welt.net\/wp-content\/uploads\/2012\/04\/Biker_01.jpg 734w, https:\/\/lisas-welt.net\/wp-content\/uploads\/2012\/04\/Biker_01-300x225.jpg 300w\" sizes=\"auto, (max-width: 242px) 100vw, 242px\" \/><\/a>\u00a0 <a href=\"\/wp-content\/uploads\/2012\/04\/Biker_02.jpg\"><img loading=\"lazy\" decoding=\"async\" class=\"alignnone size-full wp-image-205\" title=\"Biker_02\" src=\"\/wp-content\/uploads\/2012\/04\/Biker_02.jpg\" alt=\"\" width=\"242\" height=\"182\" srcset=\"https:\/\/lisas-welt.net\/wp-content\/uploads\/2012\/04\/Biker_02.jpg 646w, https:\/\/lisas-welt.net\/wp-content\/uploads\/2012\/04\/Biker_02-300x224.jpg 300w\" sizes=\"auto, (max-width: 242px) 100vw, 242px\" \/><\/a><\/p>\n","protected":false},"excerpt":{"rendered":"<p>Berge, Kurven, herrliche Aussichten &#8211; das ist die Rh\u00f6n! Biker und Radfahrer sind uns jederzeit herzlich willkommen. Wir bieten Ihnen: \u00dcbernachtung f\u00fcr Gruppen. Bei gr\u00f6\u00dferen Gruppen organisieren wir weitere \u00dcbernachtungsm\u00f6glichkeiten in unserer N\u00e4he. Wir gestalten Ihre Biker &#8211; Feier, bis zu 100 Personen. B\u00f6lkstoff usw.: Eine Tankstelle befindet sich ca. 50 m von unserem Haus [&hellip;]<\/p>\n","protected":false},"author":1,"featured_media":0,"parent":19,"menu_order":50,"comment_status":"closed","ping_status":"closed","template":"","meta":{"ngg_post_thumbnail":0,"footnotes":""},"class_list":["post-48","page","type-page","status-publish","hentry"],"rttpg_featured_image_url":null,"rttpg_author":{"display_name":"uborger","author_link":"https:\/\/lisas-welt.net\/?author=1"},"rttpg_comment":0,"rttpg_category":null,"rttpg_excerpt":"Berge, Kurven, herrliche Aussichten &#8211; das ist die Rh\u00f6n! Biker und Radfahrer sind uns jederzeit herzlich willkommen. Wir bieten Ihnen: \u00dcbernachtung f\u00fcr Gruppen. Bei gr\u00f6\u00dferen Gruppen organisieren wir weitere \u00dcbernachtungsm\u00f6glichkeiten in unserer N\u00e4he. Wir gestalten Ihre Biker &#8211; Feier, bis zu 100 Personen. B\u00f6lkstoff usw.: Eine Tankstelle befindet sich ca. 50 m von unserem Haus&hellip;","_links":{"self":[{"href":"https:\/\/lisas-welt.net\/index.php?rest_route=\/wp\/v2\/pages\/48","targetHints":{"allow":["GET"]}}],"collection":[{"href":"https:\/\/lisas-welt.net\/index.php?rest_route=\/wp\/v2\/pages"}],"about":[{"href":"https:\/\/lisas-welt.net\/index.php?rest_route=\/wp\/v2\/types\/page"}],"author":[{"embeddable":true,"href":"https:\/\/lisas-welt.net\/index.php?rest_route=\/wp\/v2\/users\/1"}],"replies":[{"embeddable":true,"href":"https:\/\/lisas-welt.net\/index.php?rest_route=%2Fwp%2Fv2%2Fcomments&post=48"}],"version-history":[{"count":7,"href":"https:\/\/lisas-welt.net\/index.php?rest_route=\/wp\/v2\/pages\/48\/revisions"}],"predecessor-version":[{"id":1682,"href":"https:\/\/lisas-welt.net\/index.php?rest_route=\/wp\/v2\/pages\/48\/revisions\/1682"}],"up":[{"embeddable":true,"href":"https:\/\/lisas-welt.net\/index.php?rest_route=\/wp\/v2\/pages\/19"}],"wp:attachment":[{"href":"https:\/\/lisas-welt.net\/index.php?rest_route=%2Fwp%2Fv2%2Fmedia&parent=48"}],"curies":[{"name":"wp","href":"https:\/\/api.w.org\/{rel}","templated":true}]}}