{"id":6,"date":"2012-04-09T13:40:25","date_gmt":"2012-04-09T13:40:25","guid":{"rendered":"http:\/\/Server2003:8080\/Lisas_Welt\/Wordpress_01\/?page_id=6"},"modified":"2022-08-08T13:15:56","modified_gmt":"2022-08-08T13:15:56","slug":"uber-uns","status":"publish","type":"page","link":"https:\/\/lisas-welt.net\/?page_id=6","title":{"rendered":"Lisas Welt"},"content":{"rendered":"<table>\n<tbody>\n<tr>\n<td style=\"border: 0px;\">\n<h4>Wer wir sind:<\/h4>\n<p><span style=\"text-decoration: underline;\">Sehiza Salihovic &#8211; K\u00f6hler :<\/span><\/p>\n<ul>\n<li>Als Chefin hat Sie Ihre Ideen in&nbsp;&#8222;Lisas Welt\u201c umgesetzt.<\/li>\n<li>Als gelernte K\u00f6chin aus Bosnien setzt Sie Ihr Verst\u00e4ndnis von guter hausgemachter K\u00fcche um.<\/li>\n<\/ul>\n<\/td>\n<td style=\"border: 0px;\"><a href=\"https:\/\/lisas-welt.net\/wp-content\/uploads\/2012\/04\/Lisa.png\"><img loading=\"lazy\" decoding=\"async\" class=\"alignnone size-full wp-image-172\" title=\"Lisa\" src=\"https:\/\/lisas-welt.net\/wp-content\/uploads\/2012\/04\/Lisa.png\" alt=\"\" width=\"139\" height=\"157\"><\/a><\/td>\n<\/tr>\n<\/tbody>\n<\/table>\n<h4>Was wir machen:<\/h4>\n<ul>\n<li>Deutsche Gerichte und Balkank\u00fcche, lecker, frisch, hausgemacht.<\/li>\n<li>Wir backen unser Brot selber, wir machen unsere So\u00dfen aus Wasser, Knochen und Gew\u00fcrzen &#8211; das wars, und das schmecken Sie auch \u2026\u2026<\/li>\n<li>Unsere Rh\u00f6ner Bachforellen kommen frisch aus der Forellenzucht Keidel in W\u00fcstensachsen. (die Forellen k\u00f6nnten \u201efast\u201c zu uns schwimmen!)<\/li>\n<li>Balkank\u00fcche und Lamm &#8211; eine ideales Zusammentreffen.<br \/>\nLammfleisch spielt in der bosnischen K\u00fcche eine gro\u00dfe Rolle und wir k\u00f6nnen Ihnen dies mit regionalem Lammfleisch aus der Rh\u00f6n beweisen &#8211; das passt und schmeckt!<\/li>\n<li>Wir bereiten unsere Balkangerichte nach eigenen Rezepten und Gew\u00fcrzmischungen zu &#8211; \u00fcberzeugen Sie sich selbst!<\/li>\n<li>Mit Bieren von Rother Br\u00e4u, Getr\u00e4nken von Rh\u00f6nsprudel und Bionade bieten wir Ihnen ein regionales Angebot an Getr\u00e4nken, hergestellt in der Rh\u00f6n.<\/li>\n<li>Weine aus Franken, Mazedonien, Dalmatien und Frankreich sowie unsere Leysieffer \u2013 Kaffeespezialit\u00e4ten runden unser Angebot ab.<\/li>\n<\/ul>\n<h4>Was wir wollen :<\/h4>\n<p>Wir m\u00f6chten, dass unsere G\u00e4ste sich bei uns wohl f\u00fchlen, unsere Gastfreundschaft in unserem Gasthof genie\u00dfen und von hier aus die herrliche Landschaft der Rh\u00f6n erkunden k\u00f6nnen.<\/p>\n","protected":false},"excerpt":{"rendered":"<p>Wer wir sind: Sehiza Salihovic &#8211; K\u00f6hler : Als Chefin hat Sie Ihre Ideen in&nbsp;&#8222;Lisas Welt\u201c umgesetzt. Als gelernte K\u00f6chin aus Bosnien setzt Sie Ihr Verst\u00e4ndnis von guter hausgemachter K\u00fcche um. Was wir machen: Deutsche Gerichte und Balkank\u00fcche, lecker, frisch, hausgemacht. Wir backen unser Brot selber, wir machen unsere So\u00dfen aus Wasser, Knochen und Gew\u00fcrzen [&hellip;]<\/p>\n","protected":false},"author":1,"featured_media":0,"parent":0,"menu_order":1,"comment_status":"closed","ping_status":"open","template":"","meta":{"ngg_post_thumbnail":0,"footnotes":""},"class_list":["post-6","page","type-page","status-publish","hentry"],"rttpg_featured_image_url":null,"rttpg_author":{"display_name":"uborger","author_link":"https:\/\/lisas-welt.net\/?author=1"},"rttpg_comment":0,"rttpg_category":null,"rttpg_excerpt":"Wer wir sind: Sehiza Salihovic &#8211; K\u00f6hler : Als Chefin hat Sie Ihre Ideen in&nbsp;&#8222;Lisas Welt\u201c umgesetzt. Als gelernte K\u00f6chin aus Bosnien setzt Sie Ihr Verst\u00e4ndnis von guter hausgemachter K\u00fcche um. Was wir machen: Deutsche Gerichte und Balkank\u00fcche, lecker, frisch, hausgemacht. Wir backen unser Brot selber, wir machen unsere So\u00dfen aus Wasser, Knochen und Gew\u00fcrzen&hellip;","_links":{"self":[{"href":"https:\/\/lisas-welt.net\/index.php?rest_route=\/wp\/v2\/pages\/6","targetHints":{"allow":["GET"]}}],"collection":[{"href":"https:\/\/lisas-welt.net\/index.php?rest_route=\/wp\/v2\/pages"}],"about":[{"href":"https:\/\/lisas-welt.net\/index.php?rest_route=\/wp\/v2\/types\/page"}],"author":[{"embeddable":true,"href":"https:\/\/lisas-welt.net\/index.php?rest_route=\/wp\/v2\/users\/1"}],"replies":[{"embeddable":true,"href":"https:\/\/lisas-welt.net\/index.php?rest_route=%2Fwp%2Fv2%2Fcomments&post=6"}],"version-history":[{"count":18,"href":"https:\/\/lisas-welt.net\/index.php?rest_route=\/wp\/v2\/pages\/6\/revisions"}],"predecessor-version":[{"id":1766,"href":"https:\/\/lisas-welt.net\/index.php?rest_route=\/wp\/v2\/pages\/6\/revisions\/1766"}],"wp:attachment":[{"href":"https:\/\/lisas-welt.net\/index.php?rest_route=%2Fwp%2Fv2%2Fmedia&parent=6"}],"curies":[{"name":"wp","href":"https:\/\/api.w.org\/{rel}","templated":true}]}}