{"id":925,"date":"2015-12-31T11:00:57","date_gmt":"2015-12-31T11:00:57","guid":{"rendered":"http:\/\/lisas-welt.net\/?page_id=925"},"modified":"2024-03-07T18:51:26","modified_gmt":"2024-03-07T18:51:26","slug":"trabi-rhoen-tour","status":"publish","type":"page","link":"https:\/\/lisas-welt.net\/?page_id=925","title":{"rendered":"Trabi \u2013 Rh\u00f6n \u2013 Tour"},"content":{"rendered":"<p>Mit einem original DDR Trabant&nbsp; P 601 S (Trabi) \u00fcber die ehemalige Grenze und<br \/>\nzu Pl\u00e4tzen deutscher Geschichte(n)<\/p>\n<ul>\n<li>Dauer:&nbsp;&nbsp;&nbsp;&nbsp;&nbsp;&nbsp;&nbsp;&nbsp;&nbsp;&nbsp;&nbsp;&nbsp;&nbsp;&nbsp;&nbsp;&nbsp;&nbsp;ca.&nbsp; 2 Stunden<\/li>\n<li>Teilnehmerzahl:&nbsp;&nbsp; &nbsp;1 bis 3 Personen<\/li>\n<li>Kosten:&nbsp; &nbsp; &nbsp; &nbsp; &nbsp; &nbsp; &nbsp; &nbsp; 75,00 \u20ac&nbsp; pauschal<\/li>\n<\/ul>\n<p><img loading=\"lazy\" decoding=\"async\" class=\"alignnone wp-image-452\" src=\"http:\/\/lisas-welt.net\/wp-content\/uploads\/2013\/08\/IMG_1055-1024x682.jpg\" alt=\"IMG_1055\" width=\"500\" height=\"333\" srcset=\"https:\/\/lisas-welt.net\/wp-content\/uploads\/2013\/08\/IMG_1055-1024x682.jpg 1024w, https:\/\/lisas-welt.net\/wp-content\/uploads\/2013\/08\/IMG_1055-300x200.jpg 300w\" sizes=\"auto, (max-width: 500px) 100vw, 500px\" \/><\/p>\n<p><em>Buchbar von&nbsp; Mai bis Oktober&nbsp;<\/em><br \/>\n<em>(in Abh\u00e4ngigkeit von den Stra\u00dfenverh\u00e4ltnissen)<\/em><\/p>\n","protected":false},"excerpt":{"rendered":"<p>Mit einem original DDR Trabant&nbsp; P 601 S (Trabi) \u00fcber die ehemalige Grenze und zu Pl\u00e4tzen deutscher Geschichte(n) Dauer:&nbsp;&nbsp;&nbsp;&nbsp;&nbsp;&nbsp;&nbsp;&nbsp;&nbsp;&nbsp;&nbsp;&nbsp;&nbsp;&nbsp;&nbsp;&nbsp;&nbsp;ca.&nbsp; 2 Stunden Teilnehmerzahl:&nbsp;&nbsp; &nbsp;1 bis 3 Personen Kosten:&nbsp; &nbsp; &nbsp; &nbsp; &nbsp; &nbsp; &nbsp; &nbsp; 75,00 \u20ac&nbsp; pauschal Buchbar von&nbsp; Mai bis Oktober&nbsp; (in Abh\u00e4ngigkeit von den Stra\u00dfenverh\u00e4ltnissen)<\/p>\n","protected":false},"author":1,"featured_media":0,"parent":19,"menu_order":60,"comment_status":"closed","ping_status":"closed","template":"","meta":{"ngg_post_thumbnail":0,"footnotes":""},"class_list":["post-925","page","type-page","status-publish","hentry"],"rttpg_featured_image_url":null,"rttpg_author":{"display_name":"uborger","author_link":"https:\/\/lisas-welt.net\/?author=1"},"rttpg_comment":0,"rttpg_category":null,"rttpg_excerpt":"Mit einem original DDR Trabant&nbsp; P 601 S (Trabi) \u00fcber die ehemalige Grenze und zu Pl\u00e4tzen deutscher Geschichte(n) Dauer:&nbsp;&nbsp;&nbsp;&nbsp;&nbsp;&nbsp;&nbsp;&nbsp;&nbsp;&nbsp;&nbsp;&nbsp;&nbsp;&nbsp;&nbsp;&nbsp;&nbsp;ca.&nbsp; 2 Stunden Teilnehmerzahl:&nbsp;&nbsp; &nbsp;1 bis 3 Personen Kosten:&nbsp; &nbsp; &nbsp; &nbsp; &nbsp; &nbsp; &nbsp; &nbsp; 75,00 \u20ac&nbsp; pauschal Buchbar von&nbsp; Mai bis Oktober&nbsp; (in Abh\u00e4ngigkeit von den Stra\u00dfenverh\u00e4ltnissen)","_links":{"self":[{"href":"https:\/\/lisas-welt.net\/index.php?rest_route=\/wp\/v2\/pages\/925","targetHints":{"allow":["GET"]}}],"collection":[{"href":"https:\/\/lisas-welt.net\/index.php?rest_route=\/wp\/v2\/pages"}],"about":[{"href":"https:\/\/lisas-welt.net\/index.php?rest_route=\/wp\/v2\/types\/page"}],"author":[{"embeddable":true,"href":"https:\/\/lisas-welt.net\/index.php?rest_route=\/wp\/v2\/users\/1"}],"replies":[{"embeddable":true,"href":"https:\/\/lisas-welt.net\/index.php?rest_route=%2Fwp%2Fv2%2Fcomments&post=925"}],"version-history":[{"count":11,"href":"https:\/\/lisas-welt.net\/index.php?rest_route=\/wp\/v2\/pages\/925\/revisions"}],"predecessor-version":[{"id":2038,"href":"https:\/\/lisas-welt.net\/index.php?rest_route=\/wp\/v2\/pages\/925\/revisions\/2038"}],"up":[{"embeddable":true,"href":"https:\/\/lisas-welt.net\/index.php?rest_route=\/wp\/v2\/pages\/19"}],"wp:attachment":[{"href":"https:\/\/lisas-welt.net\/index.php?rest_route=%2Fwp%2Fv2%2Fmedia&parent=925"}],"curies":[{"name":"wp","href":"https:\/\/api.w.org\/{rel}","templated":true}]}}